{"id":1792,"date":"2019-06-04T22:50:29","date_gmt":"2019-06-04T21:50:29","guid":{"rendered":"https:\/\/grupoconception.pt\/portfolio\/"},"modified":"2022-11-02T17:12:43","modified_gmt":"2022-11-02T17:12:43","slug":"portfolio","status":"publish","type":"page","link":"https:\/\/grupoconception.pt\/en\/portfolio\/","title":{"rendered":"Portfolio"},"content":{"rendered":"<p>[vc_row css=&#8221;.vc_custom_1553997898143{padding-top: 70px !important;padding-bottom: 80px !important;background-color: #ecf1f4 !important;}&#8221;][vc_column][vc_custom_heading text=&#8221;Can we show more?&#8221; font_container=&#8221;tag:h1|font_size:36px|text_align:center|color:%23212535|line_height:50px&#8221; use_theme_fonts=&#8221;yes&#8221; css=&#8221;.vc_custom_1553997344179{margin-bottom: 30px !important;}&#8221;][vc_separator color=&#8221;black&#8221; border_width=&#8221;2&#8243; el_width=&#8221;10&#8243; css=&#8221;.vc_custom_1553997584141{margin-bottom: 40px !important;}&#8221;]<div class=\"wph-styled-input  vc_custom_1553997574029 headings-font\" style=\"font-size:24px;line-height:35px;color:#212535;\">\n\t\n<p style=\"text-align: center;\">Download our books with all past projects<\/p>\n\n<\/div>[vc_column_text el_class=&#8221;vertical-align-initial&#8221;]<\/p>\n<p style=\"text-align: center;\"><a class=\"btn btn-primary btn-lg\" href=\"https:\/\/grupoconception.pt\/wp-content\/uploads\/2019\/03\/Book-GRUPOCONCEPTION-Geral.pdf\">MAIN<\/a> <a class=\"btn btn-primary btn-lg\" href=\"https:\/\/grupoconception.pt\/wp-content\/uploads\/2019\/03\/Book-GRUPOCONCEPTION-Restaura\u00e7\u00e3o.pdf\">RESTAURANTS<\/a><\/p>\n<p>[\/vc_column_text][\/vc_column][\/vc_row]<\/p>\n","protected":false},"excerpt":{"rendered":"<p>[vc_row css=&#8221;.vc_custom_1553997898143{padding-top: 70px !important;padding-bottom: 80px !important;background-color: #ecf1f4 !important;}&#8221;][vc_column][vc_custom_heading text=&#8221;Can we show more?&#8221; font_container=&#8221;tag:h1|font_size:36px|text_align:center|color:%23212535|line_height:50px&#8221; use_theme_fonts=&#8221;yes&#8221; css=&#8221;.vc_custom_1553997344179{margin-bottom: 30px !important;}&#8221;][vc_separator color=&#8221;black&#8221; border_width=&#8221;2&#8243; el_width=&#8221;10&#8243; css=&#8221;.vc_custom_1553997584141{margin-bottom: 40px !important;}&#8221;][vc_column_text el_class=&#8221;vertical-align-initial&#8221;] MAIN RESTAURANTS [\/vc_column_text][\/vc_column][\/vc_row]<\/p>\n","protected":false},"author":1,"featured_media":0,"parent":0,"menu_order":0,"comment_status":"closed","ping_status":"closed","template":"portfolio-listing.php","meta":[],"yoast_head":"<!-- This site is optimized with the Yoast SEO plugin v19.9 - https:\/\/yoast.com\/wordpress\/plugins\/seo\/ -->\n<title>Portfolio do Grupo Conception - Arquitectura - Obras - Remodela\u00e7\u00f5es<\/title>\n<meta name=\"description\" content=\"Portef\u00f3lio de Obras, Projectos de Arquitectura e Especialidades e de Decora\u00e7\u00e3o de Interiores do Grupo Conception\" \/>\n<meta name=\"robots\" content=\"index, follow, max-snippet:-1, max-image-preview:large, max-video-preview:-1\" \/>\n<link rel=\"canonical\" href=\"https:\/\/grupoconception.pt\/en\/portfolio\/\" \/>\n<meta property=\"og:locale\" content=\"en_US\" \/>\n<meta property=\"og:type\" content=\"article\" \/>\n<meta property=\"og:title\" content=\"Portfolio do Grupo Conception - Arquitectura - Obras - Remodela\u00e7\u00f5es\" \/>\n<meta property=\"og:description\" content=\"Portef\u00f3lio de Obras, Projectos de Arquitectura e Especialidades e de Decora\u00e7\u00e3o de Interiores do Grupo Conception\" \/>\n<meta property=\"og:url\" content=\"https:\/\/grupoconception.pt\/en\/portfolio\/\" \/>\n<meta property=\"og:site_name\" content=\"CONCEPTION\" \/>\n<meta property=\"article:publisher\" content=\"https:\/\/www.facebook.com\/GrupoConception\" \/>\n<meta property=\"article:modified_time\" content=\"2022-11-02T17:12:43+00:00\" \/>\n<meta name=\"twitter:card\" content=\"summary_large_image\" \/>\n<meta name=\"twitter:label1\" content=\"Est. reading time\" \/>\n\t<meta name=\"twitter:data1\" content=\"1 minute\" \/>\n<script type=\"application\/ld+json\" class=\"yoast-schema-graph\">{\"@context\":\"https:\/\/schema.org\",\"@graph\":[{\"@type\":\"WebPage\",\"@id\":\"https:\/\/grupoconception.pt\/en\/portfolio\/\",\"url\":\"https:\/\/grupoconception.pt\/en\/portfolio\/\",\"name\":\"Portfolio do Grupo Conception - Arquitectura - Obras - Remodela\u00e7\u00f5es\",\"isPartOf\":{\"@id\":\"https:\/\/grupoconception.pt\/en\/#website\"},\"datePublished\":\"2019-06-04T21:50:29+00:00\",\"dateModified\":\"2022-11-02T17:12:43+00:00\",\"description\":\"Portef\u00f3lio de Obras, Projectos de Arquitectura e Especialidades e de Decora\u00e7\u00e3o de Interiores do Grupo Conception\",\"breadcrumb\":{\"@id\":\"https:\/\/grupoconception.pt\/en\/portfolio\/#breadcrumb\"},\"inLanguage\":\"en-US\",\"potentialAction\":[{\"@type\":\"ReadAction\",\"target\":[\"https:\/\/grupoconception.pt\/en\/portfolio\/\"]}]},{\"@type\":\"BreadcrumbList\",\"@id\":\"https:\/\/grupoconception.pt\/en\/portfolio\/#breadcrumb\",\"itemListElement\":[{\"@type\":\"ListItem\",\"position\":1,\"name\":\"In\u00edcio\",\"item\":\"https:\/\/grupoconception.pt\/en\/\"},{\"@type\":\"ListItem\",\"position\":2,\"name\":\"Portfolio\"}]},{\"@type\":\"WebSite\",\"@id\":\"https:\/\/grupoconception.pt\/en\/#website\",\"url\":\"https:\/\/grupoconception.pt\/en\/\",\"name\":\"Grupo Conception\",\"description\":\"Arquitetura \u2022 Constru\u00e7\u00e3o \u2022 Renova\u00e7\u00e3o\",\"publisher\":{\"@id\":\"https:\/\/grupoconception.pt\/en\/#organization\"},\"potentialAction\":[{\"@type\":\"SearchAction\",\"target\":{\"@type\":\"EntryPoint\",\"urlTemplate\":\"https:\/\/grupoconception.pt\/en\/?s={search_term_string}\"},\"query-input\":\"required name=search_term_string\"}],\"inLanguage\":\"en-US\"},{\"@type\":\"Organization\",\"@id\":\"https:\/\/grupoconception.pt\/en\/#organization\",\"name\":\"Grupo CONCEPTION\",\"url\":\"https:\/\/grupoconception.pt\/en\/\",\"logo\":{\"@type\":\"ImageObject\",\"inLanguage\":\"en-US\",\"@id\":\"https:\/\/grupoconception.pt\/en\/#\/schema\/logo\/image\/\",\"url\":\"https:\/\/grupoconception.pt\/wp-content\/uploads\/2019\/05\/GrupoConceptionLogoEmailPreto.png\",\"contentUrl\":\"https:\/\/grupoconception.pt\/wp-content\/uploads\/2019\/05\/GrupoConceptionLogoEmailPreto.png\",\"width\":1000,\"height\":1000,\"caption\":\"Grupo CONCEPTION\"},\"image\":{\"@id\":\"https:\/\/grupoconception.pt\/en\/#\/schema\/logo\/image\/\"},\"sameAs\":[\"https:\/\/www.instagram.com\/grupoconception\/\",\"https:\/\/www.facebook.com\/GrupoConception\"]}]}<\/script>\n<!-- \/ Yoast SEO plugin. -->","yoast_head_json":{"title":"Portfolio do Grupo Conception - Arquitectura - Obras - Remodela\u00e7\u00f5es","description":"Portef\u00f3lio de Obras, Projectos de Arquitectura e Especialidades e de Decora\u00e7\u00e3o de Interiores do Grupo Conception","robots":{"index":"index","follow":"follow","max-snippet":"max-snippet:-1","max-image-preview":"max-image-preview:large","max-video-preview":"max-video-preview:-1"},"canonical":"https:\/\/grupoconception.pt\/en\/portfolio\/","og_locale":"en_US","og_type":"article","og_title":"Portfolio do Grupo Conception - Arquitectura - Obras - Remodela\u00e7\u00f5es","og_description":"Portef\u00f3lio de Obras, Projectos de Arquitectura e Especialidades e de Decora\u00e7\u00e3o de Interiores do Grupo Conception","og_url":"https:\/\/grupoconception.pt\/en\/portfolio\/","og_site_name":"CONCEPTION","article_publisher":"https:\/\/www.facebook.com\/GrupoConception","article_modified_time":"2022-11-02T17:12:43+00:00","twitter_card":"summary_large_image","twitter_misc":{"Est. reading time":"1 minute"},"schema":{"@context":"https:\/\/schema.org","@graph":[{"@type":"WebPage","@id":"https:\/\/grupoconception.pt\/en\/portfolio\/","url":"https:\/\/grupoconception.pt\/en\/portfolio\/","name":"Portfolio do Grupo Conception - Arquitectura - Obras - Remodela\u00e7\u00f5es","isPartOf":{"@id":"https:\/\/grupoconception.pt\/en\/#website"},"datePublished":"2019-06-04T21:50:29+00:00","dateModified":"2022-11-02T17:12:43+00:00","description":"Portef\u00f3lio de Obras, Projectos de Arquitectura e Especialidades e de Decora\u00e7\u00e3o de Interiores do Grupo Conception","breadcrumb":{"@id":"https:\/\/grupoconception.pt\/en\/portfolio\/#breadcrumb"},"inLanguage":"en-US","potentialAction":[{"@type":"ReadAction","target":["https:\/\/grupoconception.pt\/en\/portfolio\/"]}]},{"@type":"BreadcrumbList","@id":"https:\/\/grupoconception.pt\/en\/portfolio\/#breadcrumb","itemListElement":[{"@type":"ListItem","position":1,"name":"In\u00edcio","item":"https:\/\/grupoconception.pt\/en\/"},{"@type":"ListItem","position":2,"name":"Portfolio"}]},{"@type":"WebSite","@id":"https:\/\/grupoconception.pt\/en\/#website","url":"https:\/\/grupoconception.pt\/en\/","name":"Grupo Conception","description":"Arquitetura \u2022 Constru\u00e7\u00e3o \u2022 Renova\u00e7\u00e3o","publisher":{"@id":"https:\/\/grupoconception.pt\/en\/#organization"},"potentialAction":[{"@type":"SearchAction","target":{"@type":"EntryPoint","urlTemplate":"https:\/\/grupoconception.pt\/en\/?s={search_term_string}"},"query-input":"required name=search_term_string"}],"inLanguage":"en-US"},{"@type":"Organization","@id":"https:\/\/grupoconception.pt\/en\/#organization","name":"Grupo CONCEPTION","url":"https:\/\/grupoconception.pt\/en\/","logo":{"@type":"ImageObject","inLanguage":"en-US","@id":"https:\/\/grupoconception.pt\/en\/#\/schema\/logo\/image\/","url":"https:\/\/grupoconception.pt\/wp-content\/uploads\/2019\/05\/GrupoConceptionLogoEmailPreto.png","contentUrl":"https:\/\/grupoconception.pt\/wp-content\/uploads\/2019\/05\/GrupoConceptionLogoEmailPreto.png","width":1000,"height":1000,"caption":"Grupo CONCEPTION"},"image":{"@id":"https:\/\/grupoconception.pt\/en\/#\/schema\/logo\/image\/"},"sameAs":["https:\/\/www.instagram.com\/grupoconception\/","https:\/\/www.facebook.com\/GrupoConception"]}]}},"_links":{"self":[{"href":"https:\/\/grupoconception.pt\/en\/wp-json\/wp\/v2\/pages\/1792"}],"collection":[{"href":"https:\/\/grupoconception.pt\/en\/wp-json\/wp\/v2\/pages"}],"about":[{"href":"https:\/\/grupoconception.pt\/en\/wp-json\/wp\/v2\/types\/page"}],"author":[{"embeddable":true,"href":"https:\/\/grupoconception.pt\/en\/wp-json\/wp\/v2\/users\/1"}],"replies":[{"embeddable":true,"href":"https:\/\/grupoconception.pt\/en\/wp-json\/wp\/v2\/comments?post=1792"}],"version-history":[{"count":6,"href":"https:\/\/grupoconception.pt\/en\/wp-json\/wp\/v2\/pages\/1792\/revisions"}],"predecessor-version":[{"id":2652,"href":"https:\/\/grupoconception.pt\/en\/wp-json\/wp\/v2\/pages\/1792\/revisions\/2652"}],"wp:attachment":[{"href":"https:\/\/grupoconception.pt\/en\/wp-json\/wp\/v2\/media?parent=1792"}],"curies":[{"name":"wp","href":"https:\/\/api.w.org\/{rel}","templated":true}]}}