{"id":1790,"date":"2019-06-04T22:48:12","date_gmt":"2019-06-04T21:48:12","guid":{"rendered":"https:\/\/grupoconception.pt\/services\/"},"modified":"2023-02-22T11:01:56","modified_gmt":"2023-02-22T11:01:56","slug":"services","status":"publish","type":"page","link":"https:\/\/grupoconception.pt\/en\/services\/","title":{"rendered":"Services"},"content":{"rendered":"<p>[vc_row][vc_column]<div class=\"wph-page-hero gc-hero vc_custom_1553035701275\">\n\n\t<!-- Big gray background text -->\n\t<div class=\"background\">\n\t\t<span class=\"fittext wow zoomIn\"\n\t\t\t  data-min-size=\"70\"\n\t\t\t  data-comp-rate=\"0.87\"\n\t\t\t  data-max-size=\"200\">CONCEPTION<\/span>\n\t<\/div>\n\n\t<!-- Black small foreground text -->\n\t<div class=\"foreground\">\n\t\t<h1 class=\"fittext wow fadeIn\"\n\t\t\tdata-wow-delay=\"250ms\"\n\t\t\tdata-min-size=\"20\"\n\t\t\tdata-max-size=\"70\"\n\t\t\tdata-comp-rate=\"2.5\">Services<\/h1>\n\t<\/div>\n\n<\/div>[\/vc_column][\/vc_row][vc_row full_width=&#8221;stretch_row&#8221; css=&#8221;.vc_custom_1553035603502{padding-top: 70px !important;padding-bottom: 40px !important;background-color: #ebebeb !important;}&#8221;][vc_column][vc_row_inner][vc_column_inner width=&#8221;1\/2&#8243; css=&#8221;.vc_custom_1457639895573{margin-bottom: 40px !important;}&#8221; offset=&#8221;vc_col-lg-3&#8243;]<div class=\"wph-tile-block  vc_custom_1557587680949\" style=\"background-color: transparent\">\n\n\t<div class=\"ratio-helper\" style=\"padding-top: 100%\"><\/div>\n\n\t<div class=\"inner\">\n\t\t<h1>Architecture<\/h1>\n\t\t<div class=\"desc\">We execute your project with rigor and professionalism, always conciliating the best technical, aesthetic, quality and price options.<\/div>\n\t\t<a href=\"\" target=\"\"class=\"tile-link\"><\/a>\n\t\t<a href=\"\" target=\"\" class=\"link-overlay\"><\/a>\n\t<\/div>\n\n<\/div>[\/vc_column_inner][vc_column_inner width=&#8221;1\/2&#8243; css=&#8221;.vc_custom_1457639890511{margin-bottom: 40px !important;}&#8221; offset=&#8221;vc_col-lg-3&#8243;]<article class=\"wph-portfolio-thumb mp-container  style-2 post-1404 barch-portfolio type-barch-portfolio status-publish has-post-thumbnail hentry\">\n\n\t<div class=\"ratio-setter\" style=\"margin-top: 100%\"><\/div>\n\t<div class=\"img-bg mp-target\" style=\"background-image: url(https:\/\/grupoconception.pt\/wp-content\/uploads\/2019\/03\/IMG_1298-650x583.jpg)\"><\/div>\n\n\t<div class=\"overlay vh-center-js\">\n\t\t<span class=\"tags\"><\/span>\n\t\t<h1>Restaurante \u2022 Coelho da Rocha<\/h1>\n\t<\/div>\n\n\t<a href=\"https:\/\/grupoconception.pt\/project\/remodelacao-restaurante-coelho-da-rocha\/\" class=\"link-overlay\">Read more<\/a>\n\n<\/article>[\/vc_column_inner][vc_column_inner width=&#8221;1\/2&#8243; css=&#8221;.vc_custom_1457639885246{margin-bottom: 40px !important;}&#8221; offset=&#8221;vc_col-lg-3&#8243;]<article class=\"wph-portfolio-thumb mp-container tag-arquitetura tag-especialidades tag-obra-total style-2 post-1346 barch-portfolio type-barch-portfolio status-publish has-post-thumbnail hentry\">\n\n\t<div class=\"ratio-setter\" style=\"margin-top: 100%\"><\/div>\n\t<div class=\"img-bg mp-target\" style=\"background-image: url(https:\/\/grupoconception.pt\/wp-content\/uploads\/2019\/03\/image00013-5-462x650.jpeg)\"><\/div>\n\n\t<div class=\"overlay vh-center-js\">\n\t\t<span class=\"tags\">Arquitetura, Especialidades, Obra Total<\/span>\n\t\t<h1>Apartamento<\/h1>\n\t<\/div>\n\n\t<a href=\"https:\/\/grupoconception.pt\/project\/apartamento\/\" class=\"link-overlay\">Read more<\/a>\n\n<\/article>[\/vc_column_inner][vc_column_inner width=&#8221;1\/2&#8243; css=&#8221;.vc_custom_1457639902256{margin-bottom: 40px !important;}&#8221; offset=&#8221;vc_col-lg-3&#8243;]<article class=\"wph-portfolio-thumb mp-container tag-arquitetura style-2 post-1367 barch-portfolio type-barch-portfolio status-publish has-post-thumbnail hentry\">\n\n\t<div class=\"ratio-setter\" style=\"margin-top: 100%\"><\/div>\n\t<div class=\"img-bg mp-target\" style=\"background-image: url(https:\/\/grupoconception.pt\/wp-content\/uploads\/2019\/03\/image00001-9-434x650.jpeg)\"><\/div>\n\n\t<div class=\"overlay vh-center-js\">\n\t\t<span class=\"tags\">Arquitetura<\/span>\n\t\t<h1>Apartamento \u2022 Remodela\u00e7\u00e3o<\/h1>\n\t<\/div>\n\n\t<a href=\"https:\/\/grupoconception.pt\/project\/apartamento-remodelacao\/\" class=\"link-overlay\">Read more<\/a>\n\n<\/article>[\/vc_column_inner][\/vc_row_inner][vc_row_inner][vc_column_inner width=&#8221;1\/2&#8243; css=&#8221;.vc_custom_1457639895573{margin-bottom: 40px !important;}&#8221; offset=&#8221;vc_col-lg-3&#8243;]<div class=\"wph-tile-block  vc_custom_1677063695204\" style=\"background-color: transparent\">\n\n\t<div class=\"ratio-helper\" style=\"padding-top: 100%\"><\/div>\n\n\t<div class=\"inner\">\n\t\t<h1>Construction<\/h1>\n\t\t<div class=\"desc\">With the experience gained over these 22 years, we are enabled and confident to perform any type of Work.<br \/>\nWe study each Process in detail, always choosing the most innovative techniques, always adjusting to the needs and expectations of the Client.<\/div>\n\t\t<a href=\"\" target=\"\"class=\"tile-link\"><\/a>\n\t\t<a href=\"\" target=\"\" class=\"link-overlay\"><\/a>\n\t<\/div>\n\n<\/div>[\/vc_column_inner][vc_column_inner width=&#8221;1\/2&#8243; css=&#8221;.vc_custom_1457639890511{margin-bottom: 40px !important;}&#8221; offset=&#8221;vc_col-lg-3&#8243;]<article class=\"wph-portfolio-thumb mp-container tag-arquitetura tag-especialidades tag-estruturas tag-iluminacao style-2 post-1538 barch-portfolio type-barch-portfolio status-publish has-post-thumbnail hentry\">\n\n\t<div class=\"ratio-setter\" style=\"margin-top: 100%\"><\/div>\n\t<div class=\"img-bg mp-target\" style=\"background-image: url(https:\/\/grupoconception.pt\/wp-content\/uploads\/2019\/05\/cover.jpg)\"><\/div>\n\n\t<div class=\"overlay vh-center-js\">\n\t\t<span class=\"tags\">Arquitetura, Especialidades, Estruturas, Ilumina\u00e7\u00e3o<\/span>\n\t\t<h1>Recupera\u00e7\u00e3o Total \u2022 Edif\u00edcio<\/h1>\n\t<\/div>\n\n\t<a href=\"https:\/\/grupoconception.pt\/project\/recuperacao-total-edificio\/\" class=\"link-overlay\">Read more<\/a>\n\n<\/article>[\/vc_column_inner][vc_column_inner width=&#8221;1\/2&#8243; css=&#8221;.vc_custom_1457639885246{margin-bottom: 40px !important;}&#8221; offset=&#8221;vc_col-lg-3&#8243;]<article class=\"wph-portfolio-thumb mp-container tag-estruturas tag-obra-total style-2 post-1348 barch-portfolio type-barch-portfolio status-publish has-post-thumbnail hentry\">\n\n\t<div class=\"ratio-setter\" style=\"margin-top: 100%\"><\/div>\n\t<div class=\"img-bg mp-target\" style=\"background-image: url(https:\/\/grupoconception.pt\/wp-content\/uploads\/2025\/07\/execucao-telhado-650x597.jpg)\"><\/div>\n\n\t<div class=\"overlay vh-center-js\">\n\t\t<span class=\"tags\">Estruturas, Obra Total<\/span>\n\t\t<h1>Telhado \u2022 Moradia Residencial em Lisboa<\/h1>\n\t<\/div>\n\n\t<a href=\"https:\/\/grupoconception.pt\/project\/telhado-moradia-residencial-em-lisboa\/\" class=\"link-overlay\">Read more<\/a>\n\n<\/article>[\/vc_column_inner][vc_column_inner width=&#8221;1\/2&#8243; css=&#8221;.vc_custom_1457639902256{margin-bottom: 40px !important;}&#8221; offset=&#8221;vc_col-lg-3&#8243;]<article class=\"wph-portfolio-thumb mp-container tag-arquitetura tag-especialidades tag-obra-total style-2 post-1336 barch-portfolio type-barch-portfolio status-publish has-post-thumbnail hentry\">\n\n\t<div class=\"ratio-setter\" style=\"margin-top: 100%\"><\/div>\n\t<div class=\"img-bg mp-target\" style=\"background-image: url(https:\/\/grupoconception.pt\/wp-content\/uploads\/2019\/03\/IMG_1220-650x488.jpg)\"><\/div>\n\n\t<div class=\"overlay vh-center-js\">\n\t\t<span class=\"tags\">Arquitetura, Especialidades, Obra Total<\/span>\n\t\t<h1>Loja \u2022 Perfumes &#038; Companhia<\/h1>\n\t<\/div>\n\n\t<a href=\"https:\/\/grupoconception.pt\/project\/renovacao-loja-perfumes-companhia\/\" class=\"link-overlay\">Read more<\/a>\n\n<\/article>[\/vc_column_inner][\/vc_row_inner][vc_row_inner][vc_column_inner width=&#8221;1\/2&#8243; css=&#8221;.vc_custom_1457639895573{margin-bottom: 40px !important;}&#8221; offset=&#8221;vc_col-lg-3&#8243;]<div class=\"wph-tile-block  vc_custom_1557587670163\" style=\"background-color: transparent\">\n\n\t<div class=\"ratio-helper\" style=\"padding-top: 100%\"><\/div>\n\n\t<div class=\"inner\">\n\t\t<h1>Renovation<\/h1>\n\t\t<div class=\"desc\">This area has an increasingly important role in our Society, being a fundamental bet of our company since the year 2004.<br \/>\nThroughout these years, we have gained a lot of experience in renovating the most varied spaces.<\/div>\n\t\t<a href=\"\" target=\"\"class=\"tile-link\"><\/a>\n\t\t<a href=\"\" target=\"\" class=\"link-overlay\"><\/a>\n\t<\/div>\n\n<\/div>[\/vc_column_inner][vc_column_inner width=&#8221;1\/2&#8243; css=&#8221;.vc_custom_1457639890511{margin-bottom: 40px !important;}&#8221; offset=&#8221;vc_col-lg-3&#8243;]<article class=\"wph-portfolio-thumb mp-container tag-arquitetura tag-decoracao tag-especialidades tag-obra-total style-2 post-1325 barch-portfolio type-barch-portfolio status-publish has-post-thumbnail hentry\">\n\n\t<div class=\"ratio-setter\" style=\"margin-top: 100%\"><\/div>\n\t<div class=\"img-bg mp-target\" style=\"background-image: url(https:\/\/grupoconception.pt\/wp-content\/uploads\/2019\/05\/cover00002-3-453x650.jpg)\"><\/div>\n\n\t<div class=\"overlay vh-center-js\">\n\t\t<span class=\"tags\">Arquitetura, Decora\u00e7\u00e3o, Especialidades, Obra Total<\/span>\n\t\t<h1>Apartamento \u2022 Campo de Ourique<\/h1>\n\t<\/div>\n\n\t<a href=\"https:\/\/grupoconception.pt\/project\/apartamento-campo-de-ourique\/\" class=\"link-overlay\">Read more<\/a>\n\n<\/article>[\/vc_column_inner][vc_column_inner width=&#8221;1\/2&#8243; css=&#8221;.vc_custom_1457639885246{margin-bottom: 40px !important;}&#8221; offset=&#8221;vc_col-lg-3&#8243;]<article class=\"wph-portfolio-thumb mp-container tag-arquitetura tag-especialidades tag-obra-total style-2 post-1338 barch-portfolio type-barch-portfolio status-publish has-post-thumbnail hentry\">\n\n\t<div class=\"ratio-setter\" style=\"margin-top: 100%\"><\/div>\n\t<div class=\"img-bg mp-target\" style=\"background-image: url(https:\/\/grupoconception.pt\/wp-content\/uploads\/2019\/03\/cover1-5-650x650.jpeg)\"><\/div>\n\n\t<div class=\"overlay vh-center-js\">\n\t\t<span class=\"tags\">Arquitetura, Especialidades, Obra Total<\/span>\n\t\t<h1>Apartamento \u2022 Chiado<\/h1>\n\t<\/div>\n\n\t<a href=\"https:\/\/grupoconception.pt\/project\/apartamento-chiado\/\" class=\"link-overlay\">Read more<\/a>\n\n<\/article>[\/vc_column_inner][vc_column_inner width=&#8221;1\/2&#8243; css=&#8221;.vc_custom_1457639902256{margin-bottom: 40px !important;}&#8221; offset=&#8221;vc_col-lg-3&#8243;]<article class=\"wph-portfolio-thumb mp-container tag-arquitetura tag-especialidades tag-obra-total style-2 post-1315 barch-portfolio type-barch-portfolio status-publish has-post-thumbnail hentry\">\n\n\t<div class=\"ratio-setter\" style=\"margin-top: 100%\"><\/div>\n\t<div class=\"img-bg mp-target\" style=\"background-image: url(https:\/\/grupoconception.pt\/wp-content\/uploads\/2019\/03\/IMG_1241-650x471.jpg)\"><\/div>\n\n\t<div class=\"overlay vh-center-js\">\n\t\t<span class=\"tags\">Arquitetura, Especialidades, Obra Total<\/span>\n\t\t<h1>Cozinha \u2022 Moradia Residencial em Lisboa<\/h1>\n\t<\/div>\n\n\t<a href=\"https:\/\/grupoconception.pt\/project\/renovacao-cozinha-moradia-residencial-em-lisboa\/\" class=\"link-overlay\">Read more<\/a>\n\n<\/article>[\/vc_column_inner][\/vc_row_inner][vc_row_inner][vc_column_inner width=&#8221;1\/2&#8243; css=&#8221;.vc_custom_1457639923475{margin-bottom: 40px !important;}&#8221; offset=&#8221;vc_col-lg-3&#8243;]<div class=\"wph-tile-block  vc_custom_1677063708931\" style=\"background-color: transparent\">\n\n\t<div class=\"ratio-helper\" style=\"padding-top: 100%\"><\/div>\n\n\t<div class=\"inner\">\n\t\t<h1>Interior Decoration<\/h1>\n\t\t<div class=\"desc\">This factor is the final step to have a space that makes all the difference.<br \/>\nWe develop your Project according to your needs and the context of each space, with a differentiated personality.<\/div>\n\t\t<a href=\"\" target=\"\"class=\"tile-link\"><\/a>\n\t\t<a href=\"\" target=\"\" class=\"link-overlay\"><\/a>\n\t<\/div>\n\n<\/div>[\/vc_column_inner][vc_column_inner width=&#8221;1\/2&#8243; css=&#8221;.vc_custom_1457639932642{margin-bottom: 40px !important;}&#8221; offset=&#8221;vc_col-lg-3&#8243;]<article class=\"wph-portfolio-thumb mp-container tag-arquitetura tag-decoracao tag-especialidades tag-iluminacao tag-obra-total style-2 post-1309 barch-portfolio type-barch-portfolio status-publish has-post-thumbnail hentry\">\n\n\t<div class=\"ratio-setter\" style=\"margin-top: 100%\"><\/div>\n\t<div class=\"img-bg mp-target\" style=\"background-image: url(https:\/\/grupoconception.pt\/wp-content\/uploads\/2019\/03\/IMG_1224-650x434.jpg)\"><\/div>\n\n\t<div class=\"overlay vh-center-js\">\n\t\t<span class=\"tags\">Arquitetura, Decora\u00e7\u00e3o, Especialidades, Ilumina\u00e7\u00e3o, Obra Total<\/span>\n\t\t<h1>Apartamento \u2022 Loft<\/h1>\n\t<\/div>\n\n\t<a href=\"https:\/\/grupoconception.pt\/project\/apartamento-loft\/\" class=\"link-overlay\">Read more<\/a>\n\n<\/article>[\/vc_column_inner][vc_column_inner width=&#8221;1\/2&#8243; css=&#8221;.vc_custom_1457639940349{margin-bottom: 40px !important;}&#8221; offset=&#8221;vc_col-lg-3&#8243;]<article class=\"wph-portfolio-thumb mp-container tag-arquitetura tag-decoracao tag-especialidades tag-iluminacao tag-obra-total style-2 post-1206 barch-portfolio type-barch-portfolio status-publish has-post-thumbnail hentry\">\n\n\t<div class=\"ratio-setter\" style=\"margin-top: 100%\"><\/div>\n\t<div class=\"img-bg mp-target\" style=\"background-image: url(https:\/\/grupoconception.pt\/wp-content\/uploads\/2019\/03\/IMG_1238-650x434.jpg)\"><\/div>\n\n\t<div class=\"overlay vh-center-js\">\n\t\t<span class=\"tags\">Arquitetura, Decora\u00e7\u00e3o, Especialidades, Ilumina\u00e7\u00e3o, Obra Total<\/span>\n\t\t<h1>Galeria de Arte \u2022 Loja de joias<\/h1>\n\t<\/div>\n\n\t<a href=\"https:\/\/grupoconception.pt\/project\/galeria-de-arte-loja-de-joias\/\" class=\"link-overlay\">Read more<\/a>\n\n<\/article>[\/vc_column_inner][vc_column_inner width=&#8221;1\/2&#8243; css=&#8221;.vc_custom_1457639947695{margin-bottom: 40px !important;}&#8221; offset=&#8221;vc_col-lg-3&#8243;]<div class=\"wph-tile-block  vc_custom_1557587777167\" style=\"background-color: transparent\">\n\n\t<div class=\"ratio-helper\" style=\"padding-top: 100%\"><\/div>\n\n\t<div class=\"inner\">\n\t\t<h1>Other Services<\/h1>\n\t\t<div class=\"desc\">Licensing, supervision and consulting works are among the other services that the Group offers its clients.<\/div>\n\t\t<a href=\"\" target=\"\"class=\"tile-link\"><\/a>\n\t\t<a href=\"\" target=\"\" class=\"link-overlay\"><\/a>\n\t<\/div>\n\n<\/div>[\/vc_column_inner][\/vc_row_inner][\/vc_column][\/vc_row][vc_row css=&#8221;.vc_custom_1459755893894{padding-top: 70px !important;padding-bottom: 80px !important;}&#8221;][vc_column][vc_custom_heading text=&#8221;Can we leave you a better impression?&#8221; font_container=&#8221;tag:h1|font_size:36px|text_align:center|color:%23212535|line_height:50px&#8221; use_theme_fonts=&#8221;yes&#8221; css=&#8221;.vc_custom_1553035402140{margin-bottom: 30px !important;}&#8221;][vc_separator color=&#8221;black&#8221; border_width=&#8221;2&#8243; el_width=&#8221;10&#8243; css=&#8221;.vc_custom_1457545941999{margin-bottom: 40px !important;}&#8221;]<div class=\"wph-styled-input  vc_custom_1553035456680 headings-font\" style=\"font-size:24px;line-height:35px;color:#212535;\">\n\t\n<p style=\"text-align: center;\">We are sure that we can, contact us or learn more about our work and past projects<\/p>\n\n<\/div>[vc_column_text el_class=&#8221;vertical-align-initial&#8221;]<\/p>\n<p style=\"text-align: center;\"><a class=\"btn btn-primary btn-lg\" href=\"https:\/\/grupoconception.pt\/en\/contacts\/\">Contact us<\/a> <a class=\"btn btn-primary btn-lg\" href=\"https:\/\/grupoconception.pt\/en\/portfolio\/\">Open Portfolio<\/a><\/p>\n<p>[\/vc_column_text][\/vc_column][\/vc_row]<\/p>\n","protected":false},"excerpt":{"rendered":"<p>[vc_row][vc_column][\/vc_column][\/vc_row][vc_row full_width=&#8221;stretch_row&#8221; css=&#8221;.vc_custom_1553035603502{padding-top: 70px !important;padding-bottom: 40px !important;background-color: #ebebeb !important;}&#8221;][vc_column][vc_row_inner][vc_column_inner width=&#8221;1\/2&#8243; css=&#8221;.vc_custom_1457639895573{margin-bottom: 40px !important;}&#8221; offset=&#8221;vc_col-lg-3&#8243;][\/vc_column_inner][vc_column_inner width=&#8221;1\/2&#8243; css=&#8221;.vc_custom_1457639890511{margin-bottom: 40px !important;}&#8221; offset=&#8221;vc_col-lg-3&#8243;][\/vc_column_inner][vc_column_inner width=&#8221;1\/2&#8243; css=&#8221;.vc_custom_1457639885246{margin-bottom: 40px !important;}&#8221; offset=&#8221;vc_col-lg-3&#8243;][\/vc_column_inner][vc_column_inner width=&#8221;1\/2&#8243; css=&#8221;.vc_custom_1457639902256{margin-bottom: 40px !important;}&#8221; offset=&#8221;vc_col-lg-3&#8243;][\/vc_column_inner][\/vc_row_inner][vc_row_inner][vc_column_inner width=&#8221;1\/2&#8243;..<\/p>\n","protected":false},"author":1,"featured_media":0,"parent":0,"menu_order":0,"comment_status":"closed","ping_status":"closed","template":"","meta":[],"yoast_head":"<!-- This site is optimized with the Yoast SEO plugin v19.9 - https:\/\/yoast.com\/wordpress\/plugins\/seo\/ -->\n<title>Services Grupo Conception - Arquitectura - Projecto - Obra - Decora\u00e7\u00e3o<\/title>\n<meta name=\"description\" content=\"Servi\u00e7os Efectuados pelo Grupo Conception - Arquitectura - Projecto - Obra - Decora\u00e7\u00e3o\" \/>\n<meta name=\"robots\" content=\"index, follow, max-snippet:-1, max-image-preview:large, max-video-preview:-1\" \/>\n<link rel=\"canonical\" href=\"https:\/\/grupoconception.pt\/en\/services\/\" \/>\n<meta property=\"og:locale\" content=\"en_US\" \/>\n<meta property=\"og:type\" content=\"article\" \/>\n<meta property=\"og:title\" content=\"Services Grupo Conception - Arquitectura - Projecto - Obra - Decora\u00e7\u00e3o\" \/>\n<meta property=\"og:description\" content=\"Servi\u00e7os Efectuados pelo Grupo Conception - Arquitectura - Projecto - Obra - Decora\u00e7\u00e3o\" \/>\n<meta property=\"og:url\" content=\"https:\/\/grupoconception.pt\/en\/services\/\" \/>\n<meta property=\"og:site_name\" content=\"CONCEPTION\" \/>\n<meta property=\"article:publisher\" content=\"https:\/\/www.facebook.com\/GrupoConception\" \/>\n<meta property=\"article:modified_time\" content=\"2023-02-22T11:01:56+00:00\" \/>\n<meta name=\"twitter:card\" content=\"summary_large_image\" \/>\n<meta name=\"twitter:label1\" content=\"Est. reading time\" \/>\n\t<meta name=\"twitter:data1\" content=\"2 minutes\" \/>\n<script type=\"application\/ld+json\" class=\"yoast-schema-graph\">{\"@context\":\"https:\/\/schema.org\",\"@graph\":[{\"@type\":\"WebPage\",\"@id\":\"https:\/\/grupoconception.pt\/en\/services\/\",\"url\":\"https:\/\/grupoconception.pt\/en\/services\/\",\"name\":\"Services Grupo Conception - Arquitectura - Projecto - Obra - Decora\u00e7\u00e3o\",\"isPartOf\":{\"@id\":\"https:\/\/grupoconception.pt\/en\/#website\"},\"datePublished\":\"2019-06-04T21:48:12+00:00\",\"dateModified\":\"2023-02-22T11:01:56+00:00\",\"description\":\"Servi\u00e7os Efectuados pelo Grupo Conception - Arquitectura - Projecto - Obra - Decora\u00e7\u00e3o\",\"breadcrumb\":{\"@id\":\"https:\/\/grupoconception.pt\/en\/services\/#breadcrumb\"},\"inLanguage\":\"en-US\",\"potentialAction\":[{\"@type\":\"ReadAction\",\"target\":[\"https:\/\/grupoconception.pt\/en\/services\/\"]}]},{\"@type\":\"BreadcrumbList\",\"@id\":\"https:\/\/grupoconception.pt\/en\/services\/#breadcrumb\",\"itemListElement\":[{\"@type\":\"ListItem\",\"position\":1,\"name\":\"In\u00edcio\",\"item\":\"https:\/\/grupoconception.pt\/en\/\"},{\"@type\":\"ListItem\",\"position\":2,\"name\":\"Services\"}]},{\"@type\":\"WebSite\",\"@id\":\"https:\/\/grupoconception.pt\/en\/#website\",\"url\":\"https:\/\/grupoconception.pt\/en\/\",\"name\":\"Grupo Conception\",\"description\":\"Arquitetura \u2022 Constru\u00e7\u00e3o \u2022 Renova\u00e7\u00e3o\",\"publisher\":{\"@id\":\"https:\/\/grupoconception.pt\/en\/#organization\"},\"potentialAction\":[{\"@type\":\"SearchAction\",\"target\":{\"@type\":\"EntryPoint\",\"urlTemplate\":\"https:\/\/grupoconception.pt\/en\/?s={search_term_string}\"},\"query-input\":\"required name=search_term_string\"}],\"inLanguage\":\"en-US\"},{\"@type\":\"Organization\",\"@id\":\"https:\/\/grupoconception.pt\/en\/#organization\",\"name\":\"Grupo CONCEPTION\",\"url\":\"https:\/\/grupoconception.pt\/en\/\",\"logo\":{\"@type\":\"ImageObject\",\"inLanguage\":\"en-US\",\"@id\":\"https:\/\/grupoconception.pt\/en\/#\/schema\/logo\/image\/\",\"url\":\"https:\/\/grupoconception.pt\/wp-content\/uploads\/2019\/05\/GrupoConceptionLogoEmailPreto.png\",\"contentUrl\":\"https:\/\/grupoconception.pt\/wp-content\/uploads\/2019\/05\/GrupoConceptionLogoEmailPreto.png\",\"width\":1000,\"height\":1000,\"caption\":\"Grupo CONCEPTION\"},\"image\":{\"@id\":\"https:\/\/grupoconception.pt\/en\/#\/schema\/logo\/image\/\"},\"sameAs\":[\"https:\/\/www.instagram.com\/grupoconception\/\",\"https:\/\/www.facebook.com\/GrupoConception\"]}]}<\/script>\n<!-- \/ Yoast SEO plugin. -->","yoast_head_json":{"title":"Services Grupo Conception - Arquitectura - Projecto - Obra - Decora\u00e7\u00e3o","description":"Servi\u00e7os Efectuados pelo Grupo Conception - Arquitectura - Projecto - Obra - Decora\u00e7\u00e3o","robots":{"index":"index","follow":"follow","max-snippet":"max-snippet:-1","max-image-preview":"max-image-preview:large","max-video-preview":"max-video-preview:-1"},"canonical":"https:\/\/grupoconception.pt\/en\/services\/","og_locale":"en_US","og_type":"article","og_title":"Services Grupo Conception - Arquitectura - Projecto - Obra - Decora\u00e7\u00e3o","og_description":"Servi\u00e7os Efectuados pelo Grupo Conception - Arquitectura - Projecto - Obra - Decora\u00e7\u00e3o","og_url":"https:\/\/grupoconception.pt\/en\/services\/","og_site_name":"CONCEPTION","article_publisher":"https:\/\/www.facebook.com\/GrupoConception","article_modified_time":"2023-02-22T11:01:56+00:00","twitter_card":"summary_large_image","twitter_misc":{"Est. reading time":"2 minutes"},"schema":{"@context":"https:\/\/schema.org","@graph":[{"@type":"WebPage","@id":"https:\/\/grupoconception.pt\/en\/services\/","url":"https:\/\/grupoconception.pt\/en\/services\/","name":"Services Grupo Conception - Arquitectura - Projecto - Obra - Decora\u00e7\u00e3o","isPartOf":{"@id":"https:\/\/grupoconception.pt\/en\/#website"},"datePublished":"2019-06-04T21:48:12+00:00","dateModified":"2023-02-22T11:01:56+00:00","description":"Servi\u00e7os Efectuados pelo Grupo Conception - Arquitectura - Projecto - Obra - Decora\u00e7\u00e3o","breadcrumb":{"@id":"https:\/\/grupoconception.pt\/en\/services\/#breadcrumb"},"inLanguage":"en-US","potentialAction":[{"@type":"ReadAction","target":["https:\/\/grupoconception.pt\/en\/services\/"]}]},{"@type":"BreadcrumbList","@id":"https:\/\/grupoconception.pt\/en\/services\/#breadcrumb","itemListElement":[{"@type":"ListItem","position":1,"name":"In\u00edcio","item":"https:\/\/grupoconception.pt\/en\/"},{"@type":"ListItem","position":2,"name":"Services"}]},{"@type":"WebSite","@id":"https:\/\/grupoconception.pt\/en\/#website","url":"https:\/\/grupoconception.pt\/en\/","name":"Grupo Conception","description":"Arquitetura \u2022 Constru\u00e7\u00e3o \u2022 Renova\u00e7\u00e3o","publisher":{"@id":"https:\/\/grupoconception.pt\/en\/#organization"},"potentialAction":[{"@type":"SearchAction","target":{"@type":"EntryPoint","urlTemplate":"https:\/\/grupoconception.pt\/en\/?s={search_term_string}"},"query-input":"required name=search_term_string"}],"inLanguage":"en-US"},{"@type":"Organization","@id":"https:\/\/grupoconception.pt\/en\/#organization","name":"Grupo CONCEPTION","url":"https:\/\/grupoconception.pt\/en\/","logo":{"@type":"ImageObject","inLanguage":"en-US","@id":"https:\/\/grupoconception.pt\/en\/#\/schema\/logo\/image\/","url":"https:\/\/grupoconception.pt\/wp-content\/uploads\/2019\/05\/GrupoConceptionLogoEmailPreto.png","contentUrl":"https:\/\/grupoconception.pt\/wp-content\/uploads\/2019\/05\/GrupoConceptionLogoEmailPreto.png","width":1000,"height":1000,"caption":"Grupo CONCEPTION"},"image":{"@id":"https:\/\/grupoconception.pt\/en\/#\/schema\/logo\/image\/"},"sameAs":["https:\/\/www.instagram.com\/grupoconception\/","https:\/\/www.facebook.com\/GrupoConception"]}]}},"_links":{"self":[{"href":"https:\/\/grupoconception.pt\/en\/wp-json\/wp\/v2\/pages\/1790"}],"collection":[{"href":"https:\/\/grupoconception.pt\/en\/wp-json\/wp\/v2\/pages"}],"about":[{"href":"https:\/\/grupoconception.pt\/en\/wp-json\/wp\/v2\/types\/page"}],"author":[{"embeddable":true,"href":"https:\/\/grupoconception.pt\/en\/wp-json\/wp\/v2\/users\/1"}],"replies":[{"embeddable":true,"href":"https:\/\/grupoconception.pt\/en\/wp-json\/wp\/v2\/comments?post=1790"}],"version-history":[{"count":5,"href":"https:\/\/grupoconception.pt\/en\/wp-json\/wp\/v2\/pages\/1790\/revisions"}],"predecessor-version":[{"id":3221,"href":"https:\/\/grupoconception.pt\/en\/wp-json\/wp\/v2\/pages\/1790\/revisions\/3221"}],"wp:attachment":[{"href":"https:\/\/grupoconception.pt\/en\/wp-json\/wp\/v2\/media?parent=1790"}],"curies":[{"name":"wp","href":"https:\/\/api.w.org\/{rel}","templated":true}]}}