{"id":1787,"date":"2019-06-04T22:46:51","date_gmt":"2019-06-04T21:46:51","guid":{"rendered":"https:\/\/grupoconception.pt\/about\/"},"modified":"2019-06-09T19:35:15","modified_gmt":"2019-06-09T18:35:15","slug":"about","status":"publish","type":"page","link":"https:\/\/grupoconception.pt\/en\/about\/","title":{"rendered":"About"},"content":{"rendered":"<p>[vc_row][vc_column]<div class=\"wph-page-hero gc-hero vc_custom_1553005157175\">\n\n\t<!-- Big gray background text -->\n\t<div class=\"background\">\n\t\t<span class=\"fittext wow zoomIn\"\n\t\t\t  data-min-size=\"70\"\n\t\t\t  data-comp-rate=\"0.87\"\n\t\t\t  data-max-size=\"200\">CONCEPTION<\/span>\n\t<\/div>\n\n\t<!-- Black small foreground text -->\n\t<div class=\"foreground\">\n\t\t<h1 class=\"fittext wow fadeIn\"\n\t\t\tdata-wow-delay=\"250ms\"\n\t\t\tdata-min-size=\"20\"\n\t\t\tdata-max-size=\"70\"\n\t\t\tdata-comp-rate=\"2.5\">Architecture . Construction . Renovation<\/h1>\n\t<\/div>\n\n<\/div>[\/vc_column][\/vc_row][vc_row css=&#8221;.vc_custom_1457423972995{margin-bottom: 50px !important;}&#8221;][vc_column css=&#8221;.vc_custom_1457424039278{margin-bottom: 30px !important;}&#8221; offset=&#8221;vc_col-md-6&#8243;]<div class=\"wph-styled-input  vc_custom_1556046421824 headings-font\" style=\"font-size:21px;line-height:32px;color:#212535;\">\n\t<span style=\"font-weight: 400;\">Conception, over these 18 years, performs the Works, Remodeling and Maintenance with<\/span><b>techniques and innovative solutions<\/b><span style=\"font-weight: 400;\">, always conciliating <\/span><b>Quality-Price<\/b><span style=\"font-weight: 400;\">, in the most diverse areas:<\/span>\n<\/div><div class=\"wph-styled-input   headings-font\" style=\"font-size:21px;line-height:32px;color:#212535;\">\n\t\n<ul>\n<li>Housing: houses, apartments, buildings, interior renovations<\/li>\n<li>Trade: shops in Malls, shops and Traditional Trade<\/li>\n<li>Catering: Restaurants, cafes, bars ( or in shopping centers)<\/li>\n<li>Tourism: Hotels, rural Tourism and Residential<\/li>\n<li>Units Education and Recreation: Schools, Kindergartens, Gymnasiums.<\/li>\n<li>Health: pharmacies, Medical Center, Clinics.<\/li>\n<\/ul>\n\n<\/div>[\/vc_column][vc_column css=&#8221;.vc_custom_1457424047276{margin-bottom: 30px !important;}&#8221; offset=&#8221;vc_col-md-6&#8243;]<div class=\"slick-slider-api \" data-slick='{\"autoplay\":true,\"autoplaySpeed\":3500,\"variableWidth\":true,\"slidesToShow\":3,\"arrows\":true}'>\n\t<div>\n\t<img src=\"https:\/\/grupoconception.pt\/wp-content\/uploads\/2019\/03\/image00005-434x650.jpeg\" alt=\"Projeto de Arquitectura Projeto de Especialidades Obra Total Grupo Conception\" \/>\n<\/div><div>\n\t<img src=\"https:\/\/grupoconception.pt\/wp-content\/uploads\/2019\/03\/image00001-5-650x488.jpeg\" alt=\"Projeto de Arquitectura, Projeto de Especialidades e Obra Total - Grupo Conception\" \/>\n<\/div><div>\n\t<img src=\"https:\/\/grupoconception.pt\/wp-content\/uploads\/2019\/03\/image00007-9-650x434.jpeg\" alt=\"Execu\u00e7\u00e3o Projeto de Arquitectura Projeto de Especialidades Obra Total Decora\u00e7\u00e3o Interiores Grupo Conception\" \/>\n<\/div><div>\n\t<img src=\"https:\/\/grupoconception.pt\/wp-content\/uploads\/2016\/02\/image00014-650x434.jpeg\" alt=\"Projeto de Arquitectura Projeto de Especialidades Obra Total Grupo Conception\" \/>\n<\/div><div>\n\t<img src=\"https:\/\/grupoconception.pt\/wp-content\/uploads\/2019\/03\/image00010-1-650x434.jpeg\" alt=\"Projeto de Arquitectura - Projeto de Especialidades - Projeto de Ilumina\u00e7\u00e3o - Obra Total - Decora\u00e7\u00e3o Interiores - Grupo Conception\" \/>\n<\/div><div>\n\t<img src=\"https:\/\/grupoconception.pt\/wp-content\/uploads\/2019\/03\/image00002-3-487x650.jpeg\" alt=\"Projeto de Arquitectura -Projeto de Especialidades Obra Total - Grupo Conception\" \/>\n<\/div><div>\n\t<img src=\"https:\/\/grupoconception.pt\/wp-content\/uploads\/2019\/03\/image00001-3-453x650.jpeg\" alt=\"Projeto de Arquitectura - Projeto de Especialidades - Obra Total - Grupo Conception\" \/>\n<\/div><div>\n\t<img src=\"https:\/\/grupoconception.pt\/wp-content\/uploads\/2019\/03\/image00021-1-650x500.jpeg\" alt=\"Projeto de Arquitectura Projeto de Especialidades Obra Total Grupo Conception\" \/>\n<\/div><div>\n\t<img src=\"https:\/\/grupoconception.pt\/wp-content\/uploads\/2019\/03\/cover1.jpg\" alt=\"Obra Total - Projeto de Estruturas - Grupo Conception\" \/>\n<\/div>\n<\/div><div class=\"wph-styled-input   headings-font\" style=\"font-size:21px;line-height:32px;color:#212535;\">\n\t\n<h4><\/h4>\n<p style=\"text-align: center;\"><span style=\"font-weight: 400;\">&#8220;We believe that the success of our company, depends on the relationships and trust that we want to deserve from our clients.&#8221;<\/span><\/p>\n\n<\/div>[\/vc_column][\/vc_row][vc_row full_width=&#8221;stretch_row&#8221; content_placement=&#8221;middle&#8221; css=&#8221;.vc_custom_1556813750612{margin-top: 40px !important;margin-bottom: 40px !important;padding-top: 60px !important;padding-bottom: 60px !important;background-color: #eaeaea !important;}&#8221;][vc_column width=&#8221;1\/4&#8243;][vc_single_image image=&#8221;1511&#8243; img_size=&#8221;medium&#8221;][\/vc_column][vc_column width=&#8221;3\/4&#8243;]<div class=\"wph-styled-input   default-font\" style=\"color:#0a0a0a;\">\n\t\n<h2>Pedro Rebelo de Paiva<\/h2>\n<h4>Architect \u2022 Project Works Director<\/h4>\n<p>During the course of Architecture, he worked with some of the leading Architects of the city of Lisbon, ending the same in 1999.<\/p>\n<p>Between 2000 and 2001 he attended a postgraduate course in Building Restoration, going through the first year of the Civil Engineering Course between 2002 and 2003.<\/p>\n<p>But it was in 2001 that he decided to go ahead with the company Conception with the objective of covering several services in the area of Projects and Works, offering its customers a totally personalized accompaniment to the present day.\n<\/div>[\/vc_column][\/vc_row][vc_row full_width=&#8221;stretch_row&#8221; content_placement=&#8221;middle&#8221; css=&#8221;.vc_custom_1557591842115{margin-top: 40px !important;margin-bottom: 40px !important;padding-top: 60px !important;padding-bottom: 60px !important;}&#8221;][vc_column width=&#8221;3\/4&#8243;]<div class=\"wph-styled-input   default-font\" style=\"color:#0a0a0a;\">\n\t\n<h2 style=\"text-align: right;\">Carlos Rebelo de Paiva<\/h2>\n<h4 style=\"text-align: right;\">Construction Manager<\/h4>\n<p style=\"text-align: right;\">Before joining the project GRUPOCONCEPTION, in his long professional career, he was Technical Director of several companies, through the German multinational group Einhell where he spent several years acquiring a vast experience, a great asset contributing to the growth and development of our Group.<\/p>\n\n<\/div>[\/vc_column][vc_column width=&#8221;1\/4&#8243;][vc_single_image image=&#8221;1586&#8243; img_size=&#8221;medium&#8221;][\/vc_column][\/vc_row][vc_row full_width=&#8221;stretch_row&#8221; disable_element=&#8221;yes&#8221; css=&#8221;.vc_custom_1556809087223{padding-top: 70px !important;padding-bottom: 50px !important;background-color: #ecf1f4 !important;}&#8221;][vc_column][vc_custom_heading text=&#8221;A team of professionals at your disposal&#8221; font_container=&#8221;tag:h1|font_size:36px|text_align:center|color:%23212535|line_height:50px&#8221; use_theme_fonts=&#8221;yes&#8221; css=&#8221;.vc_custom_1553010579788{margin-bottom: 30px !important;}&#8221;][vc_separator color=&#8221;black&#8221; border_width=&#8221;2&#8243; el_width=&#8221;10&#8243; css=&#8221;.vc_custom_1457462171861{margin-bottom: 50px !important;}&#8221;][vc_row_inner][vc_column_inner width=&#8221;1\/2&#8243; css=&#8221;.vc_custom_1456754260013{margin-bottom: 30px !important;}&#8221; offset=&#8221;vc_col-md-3&#8243;]<figure class=\"wph-team-member  vc_custom_1553034939820\">\n\n\t<!-- Photo with overlay -->\n\t<div class=\"photo-container\">\n\t\t<img src=\"https:\/\/grupoconception.pt\/wp-content\/themes\/barch-theme\/public\/images\/placeholder.png\" alt=\"Lorem Ipsum\"\/>\n\t\t<div class=\"site-socials\"><a href=\"#\"><i class=\"fa fa-facebook\"><\/i><\/a><a href=\"#\"><i class=\"fa fa-twitter\"><\/i><\/a><a href=\"#\"><i class=\"fa fa-behance\"><\/i><\/a><\/div>\n\t<\/div>\n\n\t<!-- Member name & position -->\n\t<figcaption class=\" has-position\">\n\t\t<div class=\"name\"><span>Lorem Ipsum<\/span><\/div>\n\t\t<div class=\"position\"><span>Founder<\/span><\/div>\n\t<\/figcaption>\n\n<\/figure>[\/vc_column_inner][vc_column_inner width=&#8221;1\/2&#8243; css=&#8221;.vc_custom_1456754267832{margin-bottom: 30px !important;}&#8221; offset=&#8221;vc_col-md-3&#8243;]<figure class=\"wph-team-member  vc_custom_1553035050403\">\n\n\t<!-- Photo with overlay -->\n\t<div class=\"photo-container\">\n\t\t<img src=\"https:\/\/grupoconception.pt\/wp-content\/themes\/barch-theme\/public\/images\/placeholder.png\" alt=\"Lorem Ipsum\"\/>\n\t\t<div class=\"site-socials\"><a href=\"#\"><i class=\"fa fa-facebook\"><\/i><\/a><a href=\"#\"><i class=\"fa fa-twitter\"><\/i><\/a><a href=\"#\"><i class=\"fa fa-linkedin\"><\/i><\/a><\/div>\n\t<\/div>\n\n\t<!-- Member name & position -->\n\t<figcaption class=\" has-position\">\n\t\t<div class=\"name\"><span>Lorem Ipsum<\/span><\/div>\n\t\t<div class=\"position\"><span>Senior Architect<\/span><\/div>\n\t<\/figcaption>\n\n<\/figure>[\/vc_column_inner][vc_column_inner width=&#8221;1\/2&#8243; css=&#8221;.vc_custom_1456754274784{margin-bottom: 30px !important;}&#8221; offset=&#8221;vc_col-md-3&#8243;]<figure class=\"wph-team-member  vc_custom_1553034956300\">\n\n\t<!-- Photo with overlay -->\n\t<div class=\"photo-container\">\n\t\t<img src=\"https:\/\/grupoconception.pt\/wp-content\/themes\/barch-theme\/public\/images\/placeholder.png\" alt=\"Lorem Ipsum\"\/>\n\t\t<div class=\"site-socials\"><a href=\"#\"><i class=\"fa fa-dribbble\"><\/i><\/a><a href=\"#\"><i class=\"fa fa-twitter\"><\/i><\/a><a href=\"#\"><i class=\"fa fa-google-plus\"><\/i><\/a><\/div>\n\t<\/div>\n\n\t<!-- Member name & position -->\n\t<figcaption class=\" has-position\">\n\t\t<div class=\"name\"><span>Lorem Ipsum<\/span><\/div>\n\t\t<div class=\"position\"><span>Interior Designer<\/span><\/div>\n\t<\/figcaption>\n\n<\/figure>[\/vc_column_inner][vc_column_inner width=&#8221;1\/2&#8243; css=&#8221;.vc_custom_1456754282996{margin-bottom: 30px !important;}&#8221; offset=&#8221;vc_col-md-3&#8243;]<figure class=\"wph-team-member \">\n\n\t<!-- Photo with overlay -->\n\t<div class=\"photo-container\">\n\t\t<img src=\"https:\/\/grupoconception.pt\/wp-content\/themes\/barch-theme\/public\/images\/placeholder.png\" alt=\"Lorem Ipsum\"\/>\n\t\t<div class=\"site-socials\"><a href=\"#\"><i class=\"fa fa-facebook\"><\/i><\/a><a href=\"#\"><i class=\"fa fa-twitter\"><\/i><\/a><a href=\"#\"><i class=\"fa fa-instagram\"><\/i><\/a><\/div>\n\t<\/div>\n\n\t<!-- Member name & position -->\n\t<figcaption class=\" has-position\">\n\t\t<div class=\"name\"><span>Lorem Ipsum<\/span><\/div>\n\t\t<div class=\"position\"><span>Landscape Architect<\/span><\/div>\n\t<\/figcaption>\n\n<\/figure>[\/vc_column_inner][\/vc_row_inner][vc_row_inner][vc_column_inner width=&#8221;1\/2&#8243; css=&#8221;.vc_custom_1456754260013{margin-bottom: 30px !important;}&#8221; offset=&#8221;vc_col-md-3&#8243;]<figure class=\"wph-team-member  vc_custom_1553034939820\">\n\n\t<!-- Photo with overlay -->\n\t<div class=\"photo-container\">\n\t\t<img src=\"https:\/\/grupoconception.pt\/wp-content\/themes\/barch-theme\/public\/images\/placeholder.png\" alt=\"Lorem Ipsum\"\/>\n\t\t<div class=\"site-socials\"><a href=\"#\"><i class=\"fa fa-facebook\"><\/i><\/a><a href=\"#\"><i class=\"fa fa-twitter\"><\/i><\/a><a href=\"#\"><i class=\"fa fa-behance\"><\/i><\/a><\/div>\n\t<\/div>\n\n\t<!-- Member name & position -->\n\t<figcaption class=\" has-position\">\n\t\t<div class=\"name\"><span>Lorem Ipsum<\/span><\/div>\n\t\t<div class=\"position\"><span>Founder<\/span><\/div>\n\t<\/figcaption>\n\n<\/figure>[\/vc_column_inner][vc_column_inner width=&#8221;1\/2&#8243; css=&#8221;.vc_custom_1456754267832{margin-bottom: 30px !important;}&#8221; offset=&#8221;vc_col-md-3&#8243;]<figure class=\"wph-team-member  vc_custom_1553035050403\">\n\n\t<!-- Photo with overlay -->\n\t<div class=\"photo-container\">\n\t\t<img src=\"https:\/\/grupoconception.pt\/wp-content\/themes\/barch-theme\/public\/images\/placeholder.png\" alt=\"Lorem Ipsum\"\/>\n\t\t<div class=\"site-socials\"><a href=\"#\"><i class=\"fa fa-facebook\"><\/i><\/a><a href=\"#\"><i class=\"fa fa-twitter\"><\/i><\/a><a href=\"#\"><i class=\"fa fa-linkedin\"><\/i><\/a><\/div>\n\t<\/div>\n\n\t<!-- Member name & position -->\n\t<figcaption class=\" has-position\">\n\t\t<div class=\"name\"><span>Lorem Ipsum<\/span><\/div>\n\t\t<div class=\"position\"><span>Senior Architect<\/span><\/div>\n\t<\/figcaption>\n\n<\/figure>[\/vc_column_inner][vc_column_inner width=&#8221;1\/2&#8243; css=&#8221;.vc_custom_1456754274784{margin-bottom: 30px !important;}&#8221; offset=&#8221;vc_col-md-3&#8243;]<figure class=\"wph-team-member  vc_custom_1553034956300\">\n\n\t<!-- Photo with overlay -->\n\t<div class=\"photo-container\">\n\t\t<img src=\"https:\/\/grupoconception.pt\/wp-content\/themes\/barch-theme\/public\/images\/placeholder.png\" alt=\"Lorem Ipsum\"\/>\n\t\t<div class=\"site-socials\"><a href=\"#\"><i class=\"fa fa-dribbble\"><\/i><\/a><a href=\"#\"><i class=\"fa fa-twitter\"><\/i><\/a><a href=\"#\"><i class=\"fa fa-google-plus\"><\/i><\/a><\/div>\n\t<\/div>\n\n\t<!-- Member name & position -->\n\t<figcaption class=\" has-position\">\n\t\t<div class=\"name\"><span>Lorem Ipsum<\/span><\/div>\n\t\t<div class=\"position\"><span>Interior Designer<\/span><\/div>\n\t<\/figcaption>\n\n<\/figure>[\/vc_column_inner][vc_column_inner width=&#8221;1\/2&#8243; css=&#8221;.vc_custom_1456754282996{margin-bottom: 30px !important;}&#8221; offset=&#8221;vc_col-md-3&#8243;]<figure class=\"wph-team-member \">\n\n\t<!-- Photo with overlay -->\n\t<div class=\"photo-container\">\n\t\t<img src=\"https:\/\/grupoconception.pt\/wp-content\/themes\/barch-theme\/public\/images\/placeholder.png\" alt=\"Lorem Ipsum\"\/>\n\t\t<div class=\"site-socials\"><a href=\"#\"><i class=\"fa fa-facebook\"><\/i><\/a><a href=\"#\"><i class=\"fa fa-twitter\"><\/i><\/a><a href=\"#\"><i class=\"fa fa-instagram\"><\/i><\/a><\/div>\n\t<\/div>\n\n\t<!-- Member name & position -->\n\t<figcaption class=\" has-position\">\n\t\t<div class=\"name\"><span>Lorem Ipsum<\/span><\/div>\n\t\t<div class=\"position\"><span>Landscape Architect<\/span><\/div>\n\t<\/figcaption>\n\n<\/figure>[\/vc_column_inner][\/vc_row_inner][\/vc_column][\/vc_row][vc_row full_width=&#8221;stretch_row&#8221; css=&#8221;.vc_custom_1556813785961{margin-top: 40px !important;padding-top: 60px !important;padding-bottom: 60px !important;background-color: #ecf1f4 !important;}&#8221;][vc_column][vc_custom_heading text=&#8221;What do you think?&#8221; font_container=&#8221;tag:h1|font_size:36px|text_align:center|color:%23212535|line_height:50px&#8221; use_theme_fonts=&#8221;yes&#8221; css=&#8221;.vc_custom_1553034604898{margin-bottom: 30px !important;}&#8221;][vc_separator color=&#8221;black&#8221; border_width=&#8221;2&#8243; el_width=&#8221;10&#8243; css=&#8221;.vc_custom_1457545941999{margin-bottom: 40px !important;}&#8221;]<div class=\"wph-styled-input  vc_custom_1553034671410 headings-font\" style=\"font-size:24px;line-height:35px;color:#212535;\">\n\t\n<p style=\"text-align: center;\">Contact us or learn more about our work and past processes<\/p>\n\n<\/div>[vc_column_text el_class=&#8221;vertical-align-initial&#8221;]<\/p>\n<p style=\"text-align: center;\"><a class=\"btn btn-primary btn-lg\" href=\"https:\/\/grupoconception.pt\/en\/contacts\/\">Contact us<\/a> <a class=\"btn btn-primary btn-lg\" href=\"https:\/\/grupoconception.pt\/en\/portfolio\/\">Open Portfolio<\/a><\/p>\n<p>[\/vc_column_text][\/vc_column][\/vc_row]<\/p>\n","protected":false},"excerpt":{"rendered":"<p>[vc_row][vc_column][\/vc_column][\/vc_row][vc_row css=&#8221;.vc_custom_1457423972995{margin-bottom: 50px !important;}&#8221;][vc_column css=&#8221;.vc_custom_1457424039278{margin-bottom: 30px !important;}&#8221; offset=&#8221;vc_col-md-6&#8243;][\/vc_column][vc_column css=&#8221;.vc_custom_1457424047276{margin-bottom: 30px !important;}&#8221; offset=&#8221;vc_col-md-6&#8243;][\/vc_column][\/vc_row][vc_row full_width=&#8221;stretch_row&#8221; content_placement=&#8221;middle&#8221; css=&#8221;.vc_custom_1556813750612{margin-top: 40px !important;margin-bottom: 40px !important;padding-top: 60px !important;padding-bottom: 60px !important;background-color: #eaeaea !important;}&#8221;][vc_column width=&#8221;1\/4&#8243;][vc_single_image image=&#8221;1511&#8243; img_size=&#8221;medium&#8221;][\/vc_column][vc_column width=&#8221;3\/4&#8243;][\/vc_column][\/vc_row][vc_row full_width=&#8221;stretch_row&#8221;..<\/p>\n","protected":false},"author":1,"featured_media":0,"parent":0,"menu_order":0,"comment_status":"closed","ping_status":"closed","template":"","meta":[],"yoast_head":"<!-- This site is optimized with the Yoast SEO plugin v19.9 - https:\/\/yoast.com\/wordpress\/plugins\/seo\/ -->\n<title>Grupo Conception - Arquitetura, Engenharia, Remodela\u00e7\u00f5es e Constru\u00e7\u00e3o.<\/title>\n<meta name=\"description\" content=\"O Grupo Conception oferece servi\u00e7os de Projetos de Arquitetura, Projetos de Engenharia, Consultoria, Fiscaliza\u00e7\u00e3o de Obra, Remodela\u00e7\u00f5es e Constru\u00e7\u00e3o.\" \/>\n<meta name=\"robots\" content=\"index, follow, max-snippet:-1, max-image-preview:large, max-video-preview:-1\" \/>\n<link rel=\"canonical\" href=\"https:\/\/grupoconception.pt\/en\/about\/\" \/>\n<meta property=\"og:locale\" content=\"en_US\" \/>\n<meta property=\"og:type\" content=\"article\" \/>\n<meta property=\"og:title\" content=\"Grupo Conception - Arquitetura, Engenharia, Remodela\u00e7\u00f5es e Constru\u00e7\u00e3o.\" \/>\n<meta property=\"og:description\" content=\"O Grupo Conception oferece servi\u00e7os de Projetos de Arquitetura, Projetos de Engenharia, Consultoria, Fiscaliza\u00e7\u00e3o de Obra, Remodela\u00e7\u00f5es e Constru\u00e7\u00e3o.\" \/>\n<meta property=\"og:url\" content=\"https:\/\/grupoconception.pt\/en\/about\/\" \/>\n<meta property=\"og:site_name\" content=\"CONCEPTION\" \/>\n<meta property=\"article:publisher\" content=\"https:\/\/www.facebook.com\/GrupoConception\" \/>\n<meta property=\"article:modified_time\" content=\"2019-06-09T18:35:15+00:00\" \/>\n<meta name=\"twitter:card\" content=\"summary_large_image\" \/>\n<meta name=\"twitter:label1\" content=\"Est. reading time\" \/>\n\t<meta name=\"twitter:data1\" content=\"5 minutes\" \/>\n<script type=\"application\/ld+json\" class=\"yoast-schema-graph\">{\"@context\":\"https:\/\/schema.org\",\"@graph\":[{\"@type\":\"WebPage\",\"@id\":\"https:\/\/grupoconception.pt\/en\/about\/\",\"url\":\"https:\/\/grupoconception.pt\/en\/about\/\",\"name\":\"Grupo Conception - Arquitetura, Engenharia, Remodela\u00e7\u00f5es e Constru\u00e7\u00e3o.\",\"isPartOf\":{\"@id\":\"https:\/\/grupoconception.pt\/en\/#website\"},\"datePublished\":\"2019-06-04T21:46:51+00:00\",\"dateModified\":\"2019-06-09T18:35:15+00:00\",\"description\":\"O Grupo Conception oferece servi\u00e7os de Projetos de Arquitetura, Projetos de Engenharia, Consultoria, Fiscaliza\u00e7\u00e3o de Obra, Remodela\u00e7\u00f5es e Constru\u00e7\u00e3o.\",\"breadcrumb\":{\"@id\":\"https:\/\/grupoconception.pt\/en\/about\/#breadcrumb\"},\"inLanguage\":\"en-US\",\"potentialAction\":[{\"@type\":\"ReadAction\",\"target\":[\"https:\/\/grupoconception.pt\/en\/about\/\"]}]},{\"@type\":\"BreadcrumbList\",\"@id\":\"https:\/\/grupoconception.pt\/en\/about\/#breadcrumb\",\"itemListElement\":[{\"@type\":\"ListItem\",\"position\":1,\"name\":\"In\u00edcio\",\"item\":\"https:\/\/grupoconception.pt\/en\/\"},{\"@type\":\"ListItem\",\"position\":2,\"name\":\"About\"}]},{\"@type\":\"WebSite\",\"@id\":\"https:\/\/grupoconception.pt\/en\/#website\",\"url\":\"https:\/\/grupoconception.pt\/en\/\",\"name\":\"Grupo Conception\",\"description\":\"Arquitetura \u2022 Constru\u00e7\u00e3o \u2022 Renova\u00e7\u00e3o\",\"publisher\":{\"@id\":\"https:\/\/grupoconception.pt\/en\/#organization\"},\"potentialAction\":[{\"@type\":\"SearchAction\",\"target\":{\"@type\":\"EntryPoint\",\"urlTemplate\":\"https:\/\/grupoconception.pt\/en\/?s={search_term_string}\"},\"query-input\":\"required name=search_term_string\"}],\"inLanguage\":\"en-US\"},{\"@type\":\"Organization\",\"@id\":\"https:\/\/grupoconception.pt\/en\/#organization\",\"name\":\"Grupo CONCEPTION\",\"url\":\"https:\/\/grupoconception.pt\/en\/\",\"logo\":{\"@type\":\"ImageObject\",\"inLanguage\":\"en-US\",\"@id\":\"https:\/\/grupoconception.pt\/en\/#\/schema\/logo\/image\/\",\"url\":\"https:\/\/grupoconception.pt\/wp-content\/uploads\/2019\/05\/GrupoConceptionLogoEmailPreto.png\",\"contentUrl\":\"https:\/\/grupoconception.pt\/wp-content\/uploads\/2019\/05\/GrupoConceptionLogoEmailPreto.png\",\"width\":1000,\"height\":1000,\"caption\":\"Grupo CONCEPTION\"},\"image\":{\"@id\":\"https:\/\/grupoconception.pt\/en\/#\/schema\/logo\/image\/\"},\"sameAs\":[\"https:\/\/www.instagram.com\/grupoconception\/\",\"https:\/\/www.facebook.com\/GrupoConception\"]}]}<\/script>\n<!-- \/ Yoast SEO plugin. -->","yoast_head_json":{"title":"Grupo Conception - Arquitetura, Engenharia, Remodela\u00e7\u00f5es e Constru\u00e7\u00e3o.","description":"O Grupo Conception oferece servi\u00e7os de Projetos de Arquitetura, Projetos de Engenharia, Consultoria, Fiscaliza\u00e7\u00e3o de Obra, Remodela\u00e7\u00f5es e Constru\u00e7\u00e3o.","robots":{"index":"index","follow":"follow","max-snippet":"max-snippet:-1","max-image-preview":"max-image-preview:large","max-video-preview":"max-video-preview:-1"},"canonical":"https:\/\/grupoconception.pt\/en\/about\/","og_locale":"en_US","og_type":"article","og_title":"Grupo Conception - Arquitetura, Engenharia, Remodela\u00e7\u00f5es e Constru\u00e7\u00e3o.","og_description":"O Grupo Conception oferece servi\u00e7os de Projetos de Arquitetura, Projetos de Engenharia, Consultoria, Fiscaliza\u00e7\u00e3o de Obra, Remodela\u00e7\u00f5es e Constru\u00e7\u00e3o.","og_url":"https:\/\/grupoconception.pt\/en\/about\/","og_site_name":"CONCEPTION","article_publisher":"https:\/\/www.facebook.com\/GrupoConception","article_modified_time":"2019-06-09T18:35:15+00:00","twitter_card":"summary_large_image","twitter_misc":{"Est. reading time":"5 minutes"},"schema":{"@context":"https:\/\/schema.org","@graph":[{"@type":"WebPage","@id":"https:\/\/grupoconception.pt\/en\/about\/","url":"https:\/\/grupoconception.pt\/en\/about\/","name":"Grupo Conception - Arquitetura, Engenharia, Remodela\u00e7\u00f5es e Constru\u00e7\u00e3o.","isPartOf":{"@id":"https:\/\/grupoconception.pt\/en\/#website"},"datePublished":"2019-06-04T21:46:51+00:00","dateModified":"2019-06-09T18:35:15+00:00","description":"O Grupo Conception oferece servi\u00e7os de Projetos de Arquitetura, Projetos de Engenharia, Consultoria, Fiscaliza\u00e7\u00e3o de Obra, Remodela\u00e7\u00f5es e Constru\u00e7\u00e3o.","breadcrumb":{"@id":"https:\/\/grupoconception.pt\/en\/about\/#breadcrumb"},"inLanguage":"en-US","potentialAction":[{"@type":"ReadAction","target":["https:\/\/grupoconception.pt\/en\/about\/"]}]},{"@type":"BreadcrumbList","@id":"https:\/\/grupoconception.pt\/en\/about\/#breadcrumb","itemListElement":[{"@type":"ListItem","position":1,"name":"In\u00edcio","item":"https:\/\/grupoconception.pt\/en\/"},{"@type":"ListItem","position":2,"name":"About"}]},{"@type":"WebSite","@id":"https:\/\/grupoconception.pt\/en\/#website","url":"https:\/\/grupoconception.pt\/en\/","name":"Grupo Conception","description":"Arquitetura \u2022 Constru\u00e7\u00e3o \u2022 Renova\u00e7\u00e3o","publisher":{"@id":"https:\/\/grupoconception.pt\/en\/#organization"},"potentialAction":[{"@type":"SearchAction","target":{"@type":"EntryPoint","urlTemplate":"https:\/\/grupoconception.pt\/en\/?s={search_term_string}"},"query-input":"required name=search_term_string"}],"inLanguage":"en-US"},{"@type":"Organization","@id":"https:\/\/grupoconception.pt\/en\/#organization","name":"Grupo CONCEPTION","url":"https:\/\/grupoconception.pt\/en\/","logo":{"@type":"ImageObject","inLanguage":"en-US","@id":"https:\/\/grupoconception.pt\/en\/#\/schema\/logo\/image\/","url":"https:\/\/grupoconception.pt\/wp-content\/uploads\/2019\/05\/GrupoConceptionLogoEmailPreto.png","contentUrl":"https:\/\/grupoconception.pt\/wp-content\/uploads\/2019\/05\/GrupoConceptionLogoEmailPreto.png","width":1000,"height":1000,"caption":"Grupo CONCEPTION"},"image":{"@id":"https:\/\/grupoconception.pt\/en\/#\/schema\/logo\/image\/"},"sameAs":["https:\/\/www.instagram.com\/grupoconception\/","https:\/\/www.facebook.com\/GrupoConception"]}]}},"_links":{"self":[{"href":"https:\/\/grupoconception.pt\/en\/wp-json\/wp\/v2\/pages\/1787"}],"collection":[{"href":"https:\/\/grupoconception.pt\/en\/wp-json\/wp\/v2\/pages"}],"about":[{"href":"https:\/\/grupoconception.pt\/en\/wp-json\/wp\/v2\/types\/page"}],"author":[{"embeddable":true,"href":"https:\/\/grupoconception.pt\/en\/wp-json\/wp\/v2\/users\/1"}],"replies":[{"embeddable":true,"href":"https:\/\/grupoconception.pt\/en\/wp-json\/wp\/v2\/comments?post=1787"}],"version-history":[{"count":5,"href":"https:\/\/grupoconception.pt\/en\/wp-json\/wp\/v2\/pages\/1787\/revisions"}],"predecessor-version":[{"id":1818,"href":"https:\/\/grupoconception.pt\/en\/wp-json\/wp\/v2\/pages\/1787\/revisions\/1818"}],"wp:attachment":[{"href":"https:\/\/grupoconception.pt\/en\/wp-json\/wp\/v2\/media?parent=1787"}],"curies":[{"name":"wp","href":"https:\/\/api.w.org\/{rel}","templated":true}]}}