{"id":1785,"date":"2019-06-04T22:44:24","date_gmt":"2019-06-04T21:44:24","guid":{"rendered":"https:\/\/grupoconception.pt\/partnerships\/"},"modified":"2019-06-04T22:44:24","modified_gmt":"2019-06-04T21:44:24","slug":"partnerships","status":"publish","type":"page","link":"https:\/\/grupoconception.pt\/en\/partnerships\/","title":{"rendered":"Partnerships"},"content":{"rendered":"<p>[vc_row][vc_column]<div class=\"wph-page-hero gc-hero vc_custom_1557590780285\">\n\n\t<!-- Big gray background text -->\n\t<div class=\"background\">\n\t\t<span class=\"fittext wow zoomIn\"\n\t\t\t  data-min-size=\"70\"\n\t\t\t  data-comp-rate=\"0.87\"\n\t\t\t  data-max-size=\"200\">CONCEPTION<\/span>\n\t<\/div>\n\n\t<!-- Black small foreground text -->\n\t<div class=\"foreground\">\n\t\t<h1 class=\"fittext wow fadeIn\"\n\t\t\tdata-wow-delay=\"250ms\"\n\t\t\tdata-min-size=\"20\"\n\t\t\tdata-max-size=\"70\"\n\t\t\tdata-comp-rate=\"2.5\">Parcerias<\/h1>\n\t<\/div>\n\n<\/div>[\/vc_column][\/vc_row][vc_row][vc_column][vc_custom_heading text=&#8221;C\u00e9lio Olimpio \u2022 Artist&#8221; font_container=&#8221;tag:h1|font_size:36px|text_align:center|color:%23212535|line_height:50px&#8221; use_theme_fonts=&#8221;yes&#8221; css=&#8221;.vc_custom_1557590805542{margin-bottom: 30px !important;}&#8221;][vc_row_inner][vc_column_inner width=&#8221;2\/3&#8243;]<div class=\"wph-offscreen-slider \">\n\t<div>\n\t<img src=\"https:\/\/grupoconception.pt\/wp-content\/uploads\/2019\/04\/IMG_1435-e1556196677955-650x650.jpg\" alt=\"Obra Grupo Conception\"\/>\n<\/div><div>\n\t<img src=\"https:\/\/grupoconception.pt\/wp-content\/uploads\/2019\/05\/IMG_1444-650x401.jpg\" alt=\"Grupo Conception\"\/>\n<\/div><div>\n\t<img src=\"https:\/\/grupoconception.pt\/wp-content\/uploads\/2019\/05\/IMG_1441-644x650.jpg\" alt=\"Grupo Conception\"\/>\n<\/div><div>\n\t<img src=\"https:\/\/grupoconception.pt\/wp-content\/uploads\/2019\/05\/IMG_1442-650x596.jpg\" alt=\"Grupo Conception\"\/>\n<\/div><div>\n\t<img src=\"https:\/\/grupoconception.pt\/wp-content\/uploads\/2019\/05\/IMG_1443-650x640.jpg\" alt=\"Grupo Conception\"\/>\n<\/div>\n<\/div>[\/vc_column_inner][vc_column_inner width=&#8221;1\/3&#8243;]<div class=\"wph-styled-input  vc_custom_1557592173699 headings-font\" style=\"font-size:21px;line-height:32px;color:#212535;\">\n\tEm 2017 inici\u00e1mos uma parceira com o artista C\u00e9lio Olimpio que resultou no projeto <a href=\"https:\/\/grupoconception.pt\/en\/projeto\/loft\/\">Apartamento \u2022 Loft<\/a>, um espa\u00e7o \u00fanico na cidade de Lisboa e mencionado na imprensa internacional que nos orgulhamos desde o primeiro momento de execu\u00e7\u00e3o.\n<\/div>[\/vc_column_inner][\/vc_row_inner][\/vc_column][\/vc_row][vc_row full_width=&#8221;stretch_row&#8221; css=&#8221;.vc_custom_1556813785961{margin-top: 40px !important;padding-top: 60px !important;padding-bottom: 60px !important;background-color: #ecf1f4 !important;}&#8221;][vc_column][vc_custom_heading text=&#8221;What do you think?&#8221; font_container=&#8221;tag:h1|font_size:36px|text_align:center|color:%23212535|line_height:50px&#8221; use_theme_fonts=&#8221;yes&#8221; css=&#8221;.vc_custom_1553034604898{margin-bottom: 30px !important;}&#8221;][vc_separator color=&#8221;black&#8221; border_width=&#8221;2&#8243; el_width=&#8221;10&#8243; css=&#8221;.vc_custom_1457545941999{margin-bottom: 40px !important;}&#8221;]<div class=\"wph-styled-input  vc_custom_1557590853133 headings-font\" style=\"font-size:24px;line-height:35px;color:#212535;\">\n\t\n<p style=\"text-align: center;\">Contate-nos ou saiba mais sobre o nosso trabalho e projetos passados<\/p>\n\n<\/div>[vc_column_text el_class=&#8221;vertical-align-initial&#8221;]<\/p>\n<p style=\"text-align: center;\"><a class=\"btn btn-primary btn-lg\" href=\"https:\/\/grupoconception.pt\/en\/contacts\/\">Contact us<\/a> <a class=\"btn btn-primary btn-lg\" href=\"https:\/\/grupoconception.pt\/en\/portfolio\/\">Open Portfolio<\/a><\/p>\n<p>[\/vc_column_text][\/vc_column][\/vc_row]<\/p>\n","protected":false},"excerpt":{"rendered":"<p>[vc_row][vc_column][\/vc_column][\/vc_row][vc_row][vc_column][vc_custom_heading text=&#8221;C\u00e9lio Olimpio \u2022 Artist&#8221; font_container=&#8221;tag:h1|font_size:36px|text_align:center|color:%23212535|line_height:50px&#8221; use_theme_fonts=&#8221;yes&#8221; css=&#8221;.vc_custom_1557590805542{margin-bottom: 30px !important;}&#8221;][vc_row_inner][vc_column_inner width=&#8221;2\/3&#8243;][\/vc_column_inner][vc_column_inner width=&#8221;1\/3&#8243;][\/vc_column_inner][\/vc_row_inner][\/vc_column][\/vc_row][vc_row full_width=&#8221;stretch_row&#8221; css=&#8221;.vc_custom_1556813785961{margin-top: 40px !important;padding-top: 60px !important;padding-bottom: 60px !important;background-color: #ecf1f4 !important;}&#8221;][vc_column][vc_custom_heading text=&#8221;What do you think?&#8221; font_container=&#8221;tag:h1|font_size:36px|text_align:center|color:%23212535|line_height:50px&#8221; use_theme_fonts=&#8221;yes&#8221; css=&#8221;.vc_custom_1553034604898{margin-bottom: 30px..<\/p>\n","protected":false},"author":1,"featured_media":0,"parent":0,"menu_order":0,"comment_status":"closed","ping_status":"closed","template":"","meta":[],"yoast_head":"<!-- This site is optimized with the Yoast SEO plugin v19.9 - https:\/\/yoast.com\/wordpress\/plugins\/seo\/ -->\n<title>Partnerships &mdash; CONCEPTION<\/title>\n<meta name=\"robots\" content=\"index, follow, max-snippet:-1, max-image-preview:large, max-video-preview:-1\" \/>\n<link rel=\"canonical\" href=\"https:\/\/grupoconception.pt\/en\/partnerships\/\" \/>\n<meta property=\"og:locale\" content=\"en_US\" \/>\n<meta property=\"og:type\" content=\"article\" \/>\n<meta property=\"og:title\" content=\"Partnerships &mdash; CONCEPTION\" \/>\n<meta property=\"og:description\" content=\"[vc_row][vc_column][\/vc_column][\/vc_row][vc_row][vc_column][vc_custom_heading text=&#8221;C\u00e9lio Olimpio \u2022 Artist&#8221; font_container=&#8221;tag:h1|font_size:36px|text_align:center|color:%23212535|line_height:50px&#8221; use_theme_fonts=&#8221;yes&#8221; css=&#8221;.vc_custom_1557590805542{margin-bottom: 30px !important;}&#8221;][vc_row_inner][vc_column_inner width=&#8221;2\/3&#8243;][\/vc_column_inner][vc_column_inner width=&#8221;1\/3&#8243;][\/vc_column_inner][\/vc_row_inner][\/vc_column][\/vc_row][vc_row full_width=&#8221;stretch_row&#8221; css=&#8221;.vc_custom_1556813785961{margin-top: 40px !important;padding-top: 60px !important;padding-bottom: 60px !important;background-color: #ecf1f4 !important;}&#8221;][vc_column][vc_custom_heading text=&#8221;What do you think?&#8221; font_container=&#8221;tag:h1|font_size:36px|text_align:center|color:%23212535|line_height:50px&#8221; use_theme_fonts=&#8221;yes&#8221; css=&#8221;.vc_custom_1553034604898{margin-bottom: 30px..\" \/>\n<meta property=\"og:url\" content=\"https:\/\/grupoconception.pt\/en\/partnerships\/\" \/>\n<meta property=\"og:site_name\" content=\"CONCEPTION\" \/>\n<meta property=\"article:publisher\" content=\"https:\/\/www.facebook.com\/GrupoConception\" \/>\n<meta name=\"twitter:card\" content=\"summary_large_image\" \/>\n<meta name=\"twitter:label1\" content=\"Est. reading time\" \/>\n\t<meta name=\"twitter:data1\" content=\"1 minute\" \/>\n<script type=\"application\/ld+json\" class=\"yoast-schema-graph\">{\"@context\":\"https:\/\/schema.org\",\"@graph\":[{\"@type\":\"WebPage\",\"@id\":\"https:\/\/grupoconception.pt\/en\/partnerships\/\",\"url\":\"https:\/\/grupoconception.pt\/en\/partnerships\/\",\"name\":\"Partnerships &mdash; CONCEPTION\",\"isPartOf\":{\"@id\":\"https:\/\/grupoconception.pt\/en\/#website\"},\"datePublished\":\"2019-06-04T21:44:24+00:00\",\"dateModified\":\"2019-06-04T21:44:24+00:00\",\"breadcrumb\":{\"@id\":\"https:\/\/grupoconception.pt\/en\/partnerships\/#breadcrumb\"},\"inLanguage\":\"en-US\",\"potentialAction\":[{\"@type\":\"ReadAction\",\"target\":[\"https:\/\/grupoconception.pt\/en\/partnerships\/\"]}]},{\"@type\":\"BreadcrumbList\",\"@id\":\"https:\/\/grupoconception.pt\/en\/partnerships\/#breadcrumb\",\"itemListElement\":[{\"@type\":\"ListItem\",\"position\":1,\"name\":\"In\u00edcio\",\"item\":\"https:\/\/grupoconception.pt\/en\/\"},{\"@type\":\"ListItem\",\"position\":2,\"name\":\"Partnerships\"}]},{\"@type\":\"WebSite\",\"@id\":\"https:\/\/grupoconception.pt\/en\/#website\",\"url\":\"https:\/\/grupoconception.pt\/en\/\",\"name\":\"Grupo Conception\",\"description\":\"Arquitetura \u2022 Constru\u00e7\u00e3o \u2022 Renova\u00e7\u00e3o\",\"publisher\":{\"@id\":\"https:\/\/grupoconception.pt\/en\/#organization\"},\"potentialAction\":[{\"@type\":\"SearchAction\",\"target\":{\"@type\":\"EntryPoint\",\"urlTemplate\":\"https:\/\/grupoconception.pt\/en\/?s={search_term_string}\"},\"query-input\":\"required name=search_term_string\"}],\"inLanguage\":\"en-US\"},{\"@type\":\"Organization\",\"@id\":\"https:\/\/grupoconception.pt\/en\/#organization\",\"name\":\"Grupo CONCEPTION\",\"url\":\"https:\/\/grupoconception.pt\/en\/\",\"logo\":{\"@type\":\"ImageObject\",\"inLanguage\":\"en-US\",\"@id\":\"https:\/\/grupoconception.pt\/en\/#\/schema\/logo\/image\/\",\"url\":\"https:\/\/grupoconception.pt\/wp-content\/uploads\/2019\/05\/GrupoConceptionLogoEmailPreto.png\",\"contentUrl\":\"https:\/\/grupoconception.pt\/wp-content\/uploads\/2019\/05\/GrupoConceptionLogoEmailPreto.png\",\"width\":1000,\"height\":1000,\"caption\":\"Grupo CONCEPTION\"},\"image\":{\"@id\":\"https:\/\/grupoconception.pt\/en\/#\/schema\/logo\/image\/\"},\"sameAs\":[\"https:\/\/www.instagram.com\/grupoconception\/\",\"https:\/\/www.facebook.com\/GrupoConception\"]}]}<\/script>\n<!-- \/ Yoast SEO plugin. -->","yoast_head_json":{"title":"Partnerships &mdash; CONCEPTION","robots":{"index":"index","follow":"follow","max-snippet":"max-snippet:-1","max-image-preview":"max-image-preview:large","max-video-preview":"max-video-preview:-1"},"canonical":"https:\/\/grupoconception.pt\/en\/partnerships\/","og_locale":"en_US","og_type":"article","og_title":"Partnerships &mdash; CONCEPTION","og_description":"[vc_row][vc_column][\/vc_column][\/vc_row][vc_row][vc_column][vc_custom_heading text=&#8221;C\u00e9lio Olimpio \u2022 Artist&#8221; font_container=&#8221;tag:h1|font_size:36px|text_align:center|color:%23212535|line_height:50px&#8221; use_theme_fonts=&#8221;yes&#8221; css=&#8221;.vc_custom_1557590805542{margin-bottom: 30px !important;}&#8221;][vc_row_inner][vc_column_inner width=&#8221;2\/3&#8243;][\/vc_column_inner][vc_column_inner width=&#8221;1\/3&#8243;][\/vc_column_inner][\/vc_row_inner][\/vc_column][\/vc_row][vc_row full_width=&#8221;stretch_row&#8221; css=&#8221;.vc_custom_1556813785961{margin-top: 40px !important;padding-top: 60px !important;padding-bottom: 60px !important;background-color: #ecf1f4 !important;}&#8221;][vc_column][vc_custom_heading text=&#8221;What do you think?&#8221; font_container=&#8221;tag:h1|font_size:36px|text_align:center|color:%23212535|line_height:50px&#8221; use_theme_fonts=&#8221;yes&#8221; css=&#8221;.vc_custom_1553034604898{margin-bottom: 30px..","og_url":"https:\/\/grupoconception.pt\/en\/partnerships\/","og_site_name":"CONCEPTION","article_publisher":"https:\/\/www.facebook.com\/GrupoConception","twitter_card":"summary_large_image","twitter_misc":{"Est. reading time":"1 minute"},"schema":{"@context":"https:\/\/schema.org","@graph":[{"@type":"WebPage","@id":"https:\/\/grupoconception.pt\/en\/partnerships\/","url":"https:\/\/grupoconception.pt\/en\/partnerships\/","name":"Partnerships &mdash; CONCEPTION","isPartOf":{"@id":"https:\/\/grupoconception.pt\/en\/#website"},"datePublished":"2019-06-04T21:44:24+00:00","dateModified":"2019-06-04T21:44:24+00:00","breadcrumb":{"@id":"https:\/\/grupoconception.pt\/en\/partnerships\/#breadcrumb"},"inLanguage":"en-US","potentialAction":[{"@type":"ReadAction","target":["https:\/\/grupoconception.pt\/en\/partnerships\/"]}]},{"@type":"BreadcrumbList","@id":"https:\/\/grupoconception.pt\/en\/partnerships\/#breadcrumb","itemListElement":[{"@type":"ListItem","position":1,"name":"In\u00edcio","item":"https:\/\/grupoconception.pt\/en\/"},{"@type":"ListItem","position":2,"name":"Partnerships"}]},{"@type":"WebSite","@id":"https:\/\/grupoconception.pt\/en\/#website","url":"https:\/\/grupoconception.pt\/en\/","name":"Grupo Conception","description":"Arquitetura \u2022 Constru\u00e7\u00e3o \u2022 Renova\u00e7\u00e3o","publisher":{"@id":"https:\/\/grupoconception.pt\/en\/#organization"},"potentialAction":[{"@type":"SearchAction","target":{"@type":"EntryPoint","urlTemplate":"https:\/\/grupoconception.pt\/en\/?s={search_term_string}"},"query-input":"required name=search_term_string"}],"inLanguage":"en-US"},{"@type":"Organization","@id":"https:\/\/grupoconception.pt\/en\/#organization","name":"Grupo CONCEPTION","url":"https:\/\/grupoconception.pt\/en\/","logo":{"@type":"ImageObject","inLanguage":"en-US","@id":"https:\/\/grupoconception.pt\/en\/#\/schema\/logo\/image\/","url":"https:\/\/grupoconception.pt\/wp-content\/uploads\/2019\/05\/GrupoConceptionLogoEmailPreto.png","contentUrl":"https:\/\/grupoconception.pt\/wp-content\/uploads\/2019\/05\/GrupoConceptionLogoEmailPreto.png","width":1000,"height":1000,"caption":"Grupo CONCEPTION"},"image":{"@id":"https:\/\/grupoconception.pt\/en\/#\/schema\/logo\/image\/"},"sameAs":["https:\/\/www.instagram.com\/grupoconception\/","https:\/\/www.facebook.com\/GrupoConception"]}]}},"_links":{"self":[{"href":"https:\/\/grupoconception.pt\/en\/wp-json\/wp\/v2\/pages\/1785"}],"collection":[{"href":"https:\/\/grupoconception.pt\/en\/wp-json\/wp\/v2\/pages"}],"about":[{"href":"https:\/\/grupoconception.pt\/en\/wp-json\/wp\/v2\/types\/page"}],"author":[{"embeddable":true,"href":"https:\/\/grupoconception.pt\/en\/wp-json\/wp\/v2\/users\/1"}],"replies":[{"embeddable":true,"href":"https:\/\/grupoconception.pt\/en\/wp-json\/wp\/v2\/comments?post=1785"}],"version-history":[{"count":1,"href":"https:\/\/grupoconception.pt\/en\/wp-json\/wp\/v2\/pages\/1785\/revisions"}],"predecessor-version":[{"id":1786,"href":"https:\/\/grupoconception.pt\/en\/wp-json\/wp\/v2\/pages\/1785\/revisions\/1786"}],"wp:attachment":[{"href":"https:\/\/grupoconception.pt\/en\/wp-json\/wp\/v2\/media?parent=1785"}],"curies":[{"name":"wp","href":"https:\/\/api.w.org\/{rel}","templated":true}]}}