{"id":1764,"date":"2016-02-28T14:37:35","date_gmt":"2016-02-28T14:37:35","guid":{"rendered":"https:\/\/grupoconception.pt\/front-page-2\/"},"modified":"2019-06-05T00:22:40","modified_gmt":"2019-06-04T23:22:40","slug":"front-page-2","status":"publish","type":"page","link":"https:\/\/grupoconception.pt\/en\/","title":{"rendered":"CONCEPTION"},"content":{"rendered":"<p>[vc_row css=&#8221;.vc_custom_1459067691377{}&#8221;][vc_column][rev_slider_vc alias=&#8221;conception-home-en&#8221;][\/vc_column][\/vc_row][vc_row full_width=&#8221;stretch_row&#8221; css=&#8221;.vc_custom_1457036247669{padding-top: 80px !important;background-color: #ebebeb !important;}&#8221;][vc_column][vc_custom_heading text=&#8221;Story&#8221; font_container=&#8221;tag:h1|font_size:36px|text_align:center|color:%23212535|line_height:50px&#8221; use_theme_fonts=&#8221;yes&#8221; css=&#8221;.vc_custom_1553007099737{margin-bottom: 30px !important;}&#8221;][vc_separator color=&#8221;black&#8221; border_width=&#8221;2&#8243; el_width=&#8221;10&#8243; css=&#8221;.vc_custom_1456683340416{margin-bottom: 30px !important;}&#8221;][vc_custom_heading text=&#8221;Conception is a dynamic company with 18 years of experience, offering services of Architecture Projects, Engineering Projects, Consulting, Construction Inspection, Remodeling and Construction, drafting, execution and delivery of all the necessary documentation for the Official Entities, Custom Accompaniment to each customer, with a bet defined in four key factors:<\/p>\n<p>Quality \u2022 Rigor \u2022 Professionalism \u2022 Deadlines Compliance<\/p>\n<p>&#8220;These concepts are very present in our daily lives, they are fundamental to reach the goals that we assume before our clients, surpassing the expectations&#8220;.<br \/>\n&#8221; font_container=&#8221;tag:h2|font_size:24px|text_align:center|color:%23212535|line_height:35px&#8221; use_theme_fonts=&#8221;yes&#8221; css=&#8221;.vc_custom_1559689826275{margin-bottom: 60px !important;}&#8221; link=&#8221;url:%2F%3Fpage_id%3D244|title:Read%20More|&#8221;][\/vc_column][\/vc_row][vc_row full_width=&#8221;stretch_row_content_no_spaces&#8221; disable_element=&#8221;yes&#8221; css=&#8221;.vc_custom_1553003568858{padding-bottom: 50px !important;background-color: #ebebeb !important;}&#8221;][vc_column]<div class=\"wph-offscreen-slider \">\n\t<div>\n\t<img src=\"https:\/\/grupoconception.pt\/wp-content\/themes\/barch-theme\/public\/images\/placeholder.png\" alt=\"\"\/>\n<\/div><div>\n\t<img src=\"https:\/\/grupoconception.pt\/wp-content\/themes\/barch-theme\/public\/images\/placeholder.png\" alt=\"\"\/>\n<\/div><div>\n\t<img src=\"https:\/\/grupoconception.pt\/wp-content\/themes\/barch-theme\/public\/images\/placeholder.png\" alt=\"\"\/>\n<\/div><div>\n\t<img src=\"https:\/\/grupoconception.pt\/wp-content\/themes\/barch-theme\/public\/images\/placeholder.png\" alt=\"\"\/>\n<\/div><div>\n\t<img src=\"https:\/\/grupoconception.pt\/wp-content\/themes\/barch-theme\/public\/images\/placeholder.png\" alt=\"\"\/>\n<\/div><div>\n\t<img src=\"https:\/\/grupoconception.pt\/wp-content\/themes\/barch-theme\/public\/images\/placeholder.png\" alt=\"\"\/>\n<\/div>\n<\/div>[\/vc_column][\/vc_row][vc_row full_width=&#8221;stretch_row&#8221; css=&#8221;.vc_custom_1456764113774{padding-bottom: 80px !important;background-color: #ebebeb !important;}&#8221;][vc_column]<div class=\"wph-button-container  align_center\">\n\n\t<a href=\"https:\/\/grupoconception.pt\/sobre\/\" target=\"\" class=\"btn btn-primary btn-lg\">Read more<\/a>\n\n<\/div>[\/vc_column][\/vc_row][vc_row full_width=&#8221;stretch_row&#8221; css=&#8221;.vc_custom_1457035661410{padding-top: 80px !important;padding-bottom: 80px !important;background-color: #ffffff !important;}&#8221;][vc_column][vc_custom_heading text=&#8221;Portf\u00f3lio&#8221; font_container=&#8221;tag:h1|font_size:36px|text_align:center|color:%23212535|line_height:50px&#8221; use_theme_fonts=&#8221;yes&#8221; css=&#8221;.vc_custom_1553252096101{margin-bottom: 30px !important;}&#8221;][vc_separator color=&#8221;black&#8221; border_width=&#8221;2&#8243; el_width=&#8221;10&#8243; css=&#8221;.vc_custom_1456781324129{margin-bottom: 50px !important;}&#8221;][vc_row_inner][vc_column_inner width=&#8221;1\/2&#8243; css=&#8221;.vc_custom_1456829279671{margin-bottom: 30px !important;}&#8221;]<article class=\"wph-portfolio-thumb mp-container tag-arquitetura tag-decoracao tag-especialidades tag-obra-total style-1 post-1278 barch-portfolio type-barch-portfolio status-publish has-post-thumbnail hentry\">\n\n\t<div class=\"ratio-setter\" style=\"margin-top: 60%\"><\/div>\n\t<div class=\"img-bg mp-target\" style=\"background-image: url(https:\/\/grupoconception.pt\/wp-content\/uploads\/2019\/05\/cover00002-650x434.jpg)\"><\/div>\n\n\t<div class=\"overlay vh-center-js\">\n\t\t<span class=\"tags\">Arquitetura, Decora\u00e7\u00e3o, Especialidades, Obra Total<\/span>\n\t\t<h1>Apartamento \u2022 S\u00e9 de Lisboa<\/h1>\n\t<\/div>\n\n\t<a href=\"https:\/\/grupoconception.pt\/project\/apartamento-se-de-lisboa\/\" class=\"link-overlay\">Read more<\/a>\n\n<\/article>[\/vc_column_inner][vc_column_inner width=&#8221;1\/2&#8243; css=&#8221;.vc_custom_1456829284149{margin-bottom: 30px !important;}&#8221;]<article class=\"wph-portfolio-thumb mp-container tag-arquitetura tag-decoracao tag-especialidades tag-obra-total style-1 post-1325 barch-portfolio type-barch-portfolio status-publish has-post-thumbnail hentry\">\n\n\t<div class=\"ratio-setter\" style=\"margin-top: 60%\"><\/div>\n\t<div class=\"img-bg mp-target\" style=\"background-image: url(https:\/\/grupoconception.pt\/wp-content\/uploads\/2019\/05\/cover00002-3-453x650.jpg)\"><\/div>\n\n\t<div class=\"overlay vh-center-js\">\n\t\t<span class=\"tags\">Arquitetura, Decora\u00e7\u00e3o, Especialidades, Obra Total<\/span>\n\t\t<h1>Apartamento \u2022 Campo de Ourique<\/h1>\n\t<\/div>\n\n\t<a href=\"https:\/\/grupoconception.pt\/project\/apartamento-campo-de-ourique\/\" class=\"link-overlay\">Read more<\/a>\n\n<\/article>[\/vc_column_inner][\/vc_row_inner][vc_row_inner css=&#8221;.vc_custom_1457036300057{margin-top: 30px !important;}&#8221;][vc_column_inner css=&#8221;.vc_custom_1456831859936{margin-bottom: 30px !important;}&#8221; offset=&#8221;vc_col-md-4&#8243;]<article class=\"wph-portfolio-thumb mp-container tag-arquitetura tag-decoracao tag-especialidades tag-iluminacao tag-obra-total style-1 post-1206 barch-portfolio type-barch-portfolio status-publish has-post-thumbnail hentry\">\n\n\t<div class=\"ratio-setter\" style=\"margin-top: 100%\"><\/div>\n\t<div class=\"img-bg mp-target\" style=\"background-image: url(https:\/\/grupoconception.pt\/wp-content\/uploads\/2019\/03\/IMG_1238-650x434.jpg)\"><\/div>\n\n\t<div class=\"overlay vh-center-js\">\n\t\t<span class=\"tags\">Arquitetura, Decora\u00e7\u00e3o, Especialidades, Ilumina\u00e7\u00e3o, Obra Total<\/span>\n\t\t<h1>Galeria de Arte \u2022 Loja de joias<\/h1>\n\t<\/div>\n\n\t<a href=\"https:\/\/grupoconception.pt\/project\/galeria-de-arte-loja-de-joias\/\" class=\"link-overlay\">Read more<\/a>\n\n<\/article>[\/vc_column_inner][vc_column_inner css=&#8221;.vc_custom_1456831866922{margin-bottom: 30px !important;}&#8221; offset=&#8221;vc_col-md-4&#8243;]<article class=\"wph-portfolio-thumb mp-container tag-arquitetura tag-decoracao tag-especialidades tag-iluminacao tag-obra-total style-1 post-1309 barch-portfolio type-barch-portfolio status-publish has-post-thumbnail hentry\">\n\n\t<div class=\"ratio-setter\" style=\"margin-top: 100%\"><\/div>\n\t<div class=\"img-bg mp-target\" style=\"background-image: url(https:\/\/grupoconception.pt\/wp-content\/uploads\/2019\/03\/IMG_1224-650x434.jpg)\"><\/div>\n\n\t<div class=\"overlay vh-center-js\">\n\t\t<span class=\"tags\">Arquitetura, Decora\u00e7\u00e3o, Especialidades, Ilumina\u00e7\u00e3o, Obra Total<\/span>\n\t\t<h1>Apartamento \u2022 Loft<\/h1>\n\t<\/div>\n\n\t<a href=\"https:\/\/grupoconception.pt\/project\/apartamento-loft\/\" class=\"link-overlay\">Read more<\/a>\n\n<\/article>[\/vc_column_inner][vc_column_inner css=&#8221;.vc_custom_1456831875067{margin-bottom: 30px !important;}&#8221; offset=&#8221;vc_col-md-4&#8243;]<article class=\"wph-portfolio-thumb mp-container tag-arquitetura tag-decoracao tag-especialidades tag-obra-total style-1 post-1350 barch-portfolio type-barch-portfolio status-publish has-post-thumbnail hentry\">\n\n\t<div class=\"ratio-setter\" style=\"margin-top: 100%\"><\/div>\n\t<div class=\"img-bg mp-target\" style=\"background-image: url(https:\/\/grupoconception.pt\/wp-content\/uploads\/2019\/03\/IMG_1217-650x434.jpg)\"><\/div>\n\n\t<div class=\"overlay vh-center-js\">\n\t\t<span class=\"tags\">Arquitetura, Decora\u00e7\u00e3o, Especialidades, Obra Total<\/span>\n\t\t<h1>Loja \u2022 Cais Pimenta Rosa<\/h1>\n\t<\/div>\n\n\t<a href=\"https:\/\/grupoconception.pt\/project\/loja-cais-pimenta-rosa\/\" class=\"link-overlay\">Read more<\/a>\n\n<\/article>[\/vc_column_inner][\/vc_row_inner]<div class=\"wph-button-container  align_center\">\n\n\t<a href=\"https:\/\/grupoconception.pt\/portefolio\/\" target=\"\" class=\"btn btn-primary btn-lg\">More projects<\/a>\n\n<\/div>[\/vc_column][\/vc_row][vc_row full_width=&#8221;stretch_row&#8221; disable_element=&#8221;yes&#8221; css=&#8221;.vc_custom_1556808665347{padding-top: 80px !important;padding-bottom: 50px !important;background-color: #ecf1f4 !important;}&#8221;][vc_column][vc_custom_heading text=&#8221;Equipa de profissionais com vasta experi\u00eancia e responsabilidade&#8221; font_container=&#8221;tag:h1|font_size:36px|text_align:center|color:%23212535|line_height:50px&#8221; use_theme_fonts=&#8221;yes&#8221; css=&#8221;.vc_custom_1552998979448{margin-bottom: 30px !important;}&#8221;][vc_separator color=&#8221;black&#8221; border_width=&#8221;2&#8243; el_width=&#8221;10&#8243; css=&#8221;.vc_custom_1456754099409{margin-bottom: 45px !important;}&#8221;][vc_row_inner disable_element=&#8221;yes&#8221;][vc_column_inner width=&#8221;1\/3&#8243; css=&#8221;.vc_custom_1556197061115{margin-bottom: 30px !important;}&#8221; offset=&#8221;vc_col-md-4&#8243;]<figure class=\"wph-team-member \">\n\n\t<!-- Photo with overlay -->\n\t<div class=\"photo-container\">\n\t\t<img src=\"https:\/\/grupoconception.pt\/wp-content\/uploads\/2019\/03\/Thumb-650x650.jpg\" alt=\"Pedro Rebelo Paiva\"\/>\n\t\t<div class=\"site-socials\"><a href=\"#\"><i class=\"fa fa-linkedin\"><\/i><\/a><a href=\"#\"><i class=\"fa fa-instagram\"><\/i><\/a><a href=\"#\"><i class=\"fa fa-facebook\"><\/i><\/a><\/div>\n\t<\/div>\n\n\t<!-- Member name & position -->\n\t<figcaption class=\" has-position\">\n\t\t<div class=\"name\"><span>Pedro Rebelo Paiva<\/span><\/div>\n\t\t<div class=\"position\"><span>Architect \u2022 Project Works Director<\/span><\/div>\n\t<\/figcaption>\n\n<\/figure>[\/vc_column_inner][vc_column_inner width=&#8221;1\/3&#8243; css=&#8221;.vc_custom_1556197072194{margin-bottom: 30px !important;}&#8221; offset=&#8221;vc_col-md-4&#8243;]<figure class=\"wph-team-member \">\n\n\t<!-- Photo with overlay -->\n\t<div class=\"photo-container\">\n\t\t<img src=\"https:\/\/grupoconception.pt\/wp-content\/uploads\/2019\/04\/jgui-e1556196766621-650x650.jpg\" alt=\"Jo\u00e3o Guimar\u00e3es\"\/>\n\t\t<div class=\"site-socials\"><a href=\"https:\/\/www.instagram.com\/jgphoto.graphy\/\"><i class=\"fa fa-instagram\"><\/i><\/a><a href=\"http:\/\/jg.photography\"><i class=\"fa fa-link\"><\/i><\/a><a href=\"mailto:joaoguimaz@gmail.com\"><i class=\"fa fa-envelope\"><\/i><\/a><a href=\"tel:914318863\"><i class=\"fa fa-phone\"><\/i><\/a><\/div>\n\t<\/div>\n\n\t<!-- Member name & position -->\n\t<figcaption class=\" has-position\">\n\t\t<div class=\"name\"><span>Jo\u00e3o Guimar\u00e3es<\/span><\/div>\n\t\t<div class=\"position\"><span>Architect \u2022 Photograph<\/span><\/div>\n\t<\/figcaption>\n\n<\/figure>[\/vc_column_inner][vc_column_inner width=&#8221;1\/3&#8243; css=&#8221;.vc_custom_1556197082392{margin-bottom: 30px !important;}&#8221; offset=&#8221;vc_col-md-4&#8243;]<figure class=\"wph-team-member \">\n\n\t<!-- Photo with overlay -->\n\t<div class=\"photo-container\">\n\t\t<img src=\"https:\/\/grupoconception.pt\/wp-content\/uploads\/2019\/04\/IMG_1435-e1556196677955-650x650.jpg\" alt=\"C\u00e9lio Olimpio\"\/>\n\t\t<div class=\"site-socials\"><a href=\"https:\/\/www.facebook.com\/celio.olimpio\"><i class=\"fa fa-facebook\"><\/i><\/a><a href=\"https:\/\/www.youtube.com\/channel\/UCAp4EzSK0_BlYoXV4fSsKyA\"><i class=\"fa fa-youtube\"><\/i><\/a><a href=\"https:\/\/vimeo.com\/user82679362\"><i class=\"fa fa-vimeo\"><\/i><\/a><\/div>\n\t<\/div>\n\n\t<!-- Member name & position -->\n\t<figcaption class=\" has-position\">\n\t\t<div class=\"name\"><span>C\u00e9lio Olimpio<\/span><\/div>\n\t\t<div class=\"position\"><span>Artist<\/span><\/div>\n\t<\/figcaption>\n\n<\/figure>[\/vc_column_inner][\/vc_row_inner][\/vc_column][\/vc_row][vc_row disable_element=&#8221;yes&#8221; css=&#8221;.vc_custom_1556973910456{padding-top: 80px !important;padding-bottom: 50px !important;}&#8221;][vc_column css=&#8221;.vc_custom_1456845750672{margin-bottom: 30px !important;}&#8221;][vc_custom_heading text=&#8221;Instagram&#8221; font_container=&#8221;tag:h1|font_size:36px|text_align:left|color:%23212535|line_height:50px&#8221; use_theme_fonts=&#8221;yes&#8221; css=&#8221;.vc_custom_1552999603091{margin-bottom: 30px !important;}&#8221;][vc_separator color=&#8221;black&#8221; align=&#8221;align_left&#8221; border_width=&#8221;2&#8243; el_width=&#8221;10&#8243; css=&#8221;.vc_custom_1456845782951{margin-bottom: 45px !important;}&#8221;]<div class=\"wow sequenced fx-fadeIn\">Instagram has returned invalid data.<\/div>[vc_column_text css=&#8221;.vc_custom_1552999639587{margin-top: 30px !important;}&#8221;]Follow us <a href=\"https:\/\/www.instagram.com\/grupoconception\/\" target=\"_blank\" rel=\"noopener noreferrer\">@grupoconception<\/a>[\/vc_column_text][\/vc_column][\/vc_row]<\/p>\n","protected":false},"excerpt":{"rendered":"<p>[vc_row css=&#8221;.vc_custom_1459067691377{}&#8221;][vc_column][rev_slider_vc alias=&#8221;conception-home-en&#8221;][\/vc_column][\/vc_row][vc_row full_width=&#8221;stretch_row&#8221; css=&#8221;.vc_custom_1457036247669{padding-top: 80px !important;background-color: #ebebeb !important;}&#8221;][vc_column][vc_custom_heading text=&#8221;Story&#8221; font_container=&#8221;tag:h1|font_size:36px|text_align:center|color:%23212535|line_height:50px&#8221; use_theme_fonts=&#8221;yes&#8221; css=&#8221;.vc_custom_1553007099737{margin-bottom: 30px !important;}&#8221;][vc_separator color=&#8221;black&#8221; border_width=&#8221;2&#8243; el_width=&#8221;10&#8243; css=&#8221;.vc_custom_1456683340416{margin-bottom: 30px !important;}&#8221;][vc_custom_heading text=&#8221;Conception is a dynamic company with 18 years of..<\/p>\n","protected":false},"author":1,"featured_media":0,"parent":0,"menu_order":0,"comment_status":"closed","ping_status":"closed","template":"","meta":[],"yoast_head":"<!-- This site is optimized with the Yoast SEO plugin v19.9 - https:\/\/yoast.com\/wordpress\/plugins\/seo\/ -->\n<title>CONCEPTION &mdash; Arquitetura \u2022 Constru\u00e7\u00e3o \u2022 Renova\u00e7\u00e3o<\/title>\n<meta name=\"description\" content=\"Uma empresa din\u00e2mica, que oferece servi\u00e7os de Arquitetura, Engenharia, Remodela\u00e7\u00e3o e Constru\u00e7\u00e3o com acompanhamento personalizado a cada cliente.\" \/>\n<meta name=\"robots\" content=\"index, follow, max-snippet:-1, max-image-preview:large, max-video-preview:-1\" \/>\n<link rel=\"canonical\" href=\"https:\/\/grupoconception.pt\/en\/\" \/>\n<meta property=\"og:locale\" content=\"en_US\" \/>\n<meta property=\"og:type\" content=\"article\" \/>\n<meta property=\"og:title\" content=\"CONCEPTION &mdash; Arquitetura \u2022 Constru\u00e7\u00e3o \u2022 Renova\u00e7\u00e3o\" \/>\n<meta property=\"og:description\" content=\"Uma empresa din\u00e2mica, que oferece servi\u00e7os de Arquitetura, Engenharia, Remodela\u00e7\u00e3o e Constru\u00e7\u00e3o com acompanhamento personalizado a cada cliente.\" \/>\n<meta property=\"og:url\" content=\"https:\/\/grupoconception.pt\/en\/\" \/>\n<meta property=\"og:site_name\" content=\"CONCEPTION\" \/>\n<meta property=\"article:publisher\" content=\"https:\/\/www.facebook.com\/GrupoConception\" \/>\n<meta property=\"article:modified_time\" content=\"2019-06-04T23:22:40+00:00\" \/>\n<meta name=\"twitter:card\" content=\"summary_large_image\" \/>\n<meta name=\"twitter:label1\" content=\"Est. reading time\" \/>\n\t<meta name=\"twitter:data1\" content=\"4 minutes\" \/>\n<script type=\"application\/ld+json\" class=\"yoast-schema-graph\">{\"@context\":\"https:\/\/schema.org\",\"@graph\":[{\"@type\":\"WebPage\",\"@id\":\"https:\/\/grupoconception.pt\/en\/\",\"url\":\"https:\/\/grupoconception.pt\/en\/\",\"name\":\"CONCEPTION &mdash; Arquitetura \u2022 Constru\u00e7\u00e3o \u2022 Renova\u00e7\u00e3o\",\"isPartOf\":{\"@id\":\"https:\/\/grupoconception.pt\/en\/#website\"},\"datePublished\":\"2016-02-28T14:37:35+00:00\",\"dateModified\":\"2019-06-04T23:22:40+00:00\",\"description\":\"Uma empresa din\u00e2mica, que oferece servi\u00e7os de Arquitetura, Engenharia, Remodela\u00e7\u00e3o e Constru\u00e7\u00e3o com acompanhamento personalizado a cada cliente.\",\"breadcrumb\":{\"@id\":\"https:\/\/grupoconception.pt\/en\/#breadcrumb\"},\"inLanguage\":\"en-US\",\"potentialAction\":[{\"@type\":\"ReadAction\",\"target\":[\"https:\/\/grupoconception.pt\/en\/\"]}]},{\"@type\":\"BreadcrumbList\",\"@id\":\"https:\/\/grupoconception.pt\/en\/#breadcrumb\",\"itemListElement\":[{\"@type\":\"ListItem\",\"position\":1,\"name\":\"In\u00edcio\",\"item\":\"https:\/\/grupoconception.pt\/en\/\"},{\"@type\":\"ListItem\",\"position\":2,\"name\":\"CONCEPTION\"}]},{\"@type\":\"WebSite\",\"@id\":\"https:\/\/grupoconception.pt\/en\/#website\",\"url\":\"https:\/\/grupoconception.pt\/en\/\",\"name\":\"Grupo Conception\",\"description\":\"Arquitetura \u2022 Constru\u00e7\u00e3o \u2022 Renova\u00e7\u00e3o\",\"publisher\":{\"@id\":\"https:\/\/grupoconception.pt\/en\/#organization\"},\"potentialAction\":[{\"@type\":\"SearchAction\",\"target\":{\"@type\":\"EntryPoint\",\"urlTemplate\":\"https:\/\/grupoconception.pt\/en\/?s={search_term_string}\"},\"query-input\":\"required name=search_term_string\"}],\"inLanguage\":\"en-US\"},{\"@type\":\"Organization\",\"@id\":\"https:\/\/grupoconception.pt\/en\/#organization\",\"name\":\"Grupo CONCEPTION\",\"url\":\"https:\/\/grupoconception.pt\/en\/\",\"logo\":{\"@type\":\"ImageObject\",\"inLanguage\":\"en-US\",\"@id\":\"https:\/\/grupoconception.pt\/en\/#\/schema\/logo\/image\/\",\"url\":\"https:\/\/grupoconception.pt\/wp-content\/uploads\/2019\/05\/GrupoConceptionLogoEmailPreto.png\",\"contentUrl\":\"https:\/\/grupoconception.pt\/wp-content\/uploads\/2019\/05\/GrupoConceptionLogoEmailPreto.png\",\"width\":1000,\"height\":1000,\"caption\":\"Grupo CONCEPTION\"},\"image\":{\"@id\":\"https:\/\/grupoconception.pt\/en\/#\/schema\/logo\/image\/\"},\"sameAs\":[\"https:\/\/www.instagram.com\/grupoconception\/\",\"https:\/\/www.facebook.com\/GrupoConception\"]}]}<\/script>\n<!-- \/ Yoast SEO plugin. -->","yoast_head_json":{"title":"CONCEPTION &mdash; Arquitetura \u2022 Constru\u00e7\u00e3o \u2022 Renova\u00e7\u00e3o","description":"Uma empresa din\u00e2mica, que oferece servi\u00e7os de Arquitetura, Engenharia, Remodela\u00e7\u00e3o e Constru\u00e7\u00e3o com acompanhamento personalizado a cada cliente.","robots":{"index":"index","follow":"follow","max-snippet":"max-snippet:-1","max-image-preview":"max-image-preview:large","max-video-preview":"max-video-preview:-1"},"canonical":"https:\/\/grupoconception.pt\/en\/","og_locale":"en_US","og_type":"article","og_title":"CONCEPTION &mdash; Arquitetura \u2022 Constru\u00e7\u00e3o \u2022 Renova\u00e7\u00e3o","og_description":"Uma empresa din\u00e2mica, que oferece servi\u00e7os de Arquitetura, Engenharia, Remodela\u00e7\u00e3o e Constru\u00e7\u00e3o com acompanhamento personalizado a cada cliente.","og_url":"https:\/\/grupoconception.pt\/en\/","og_site_name":"CONCEPTION","article_publisher":"https:\/\/www.facebook.com\/GrupoConception","article_modified_time":"2019-06-04T23:22:40+00:00","twitter_card":"summary_large_image","twitter_misc":{"Est. reading time":"4 minutes"},"schema":{"@context":"https:\/\/schema.org","@graph":[{"@type":"WebPage","@id":"https:\/\/grupoconception.pt\/en\/","url":"https:\/\/grupoconception.pt\/en\/","name":"CONCEPTION &mdash; Arquitetura \u2022 Constru\u00e7\u00e3o \u2022 Renova\u00e7\u00e3o","isPartOf":{"@id":"https:\/\/grupoconception.pt\/en\/#website"},"datePublished":"2016-02-28T14:37:35+00:00","dateModified":"2019-06-04T23:22:40+00:00","description":"Uma empresa din\u00e2mica, que oferece servi\u00e7os de Arquitetura, Engenharia, Remodela\u00e7\u00e3o e Constru\u00e7\u00e3o com acompanhamento personalizado a cada cliente.","breadcrumb":{"@id":"https:\/\/grupoconception.pt\/en\/#breadcrumb"},"inLanguage":"en-US","potentialAction":[{"@type":"ReadAction","target":["https:\/\/grupoconception.pt\/en\/"]}]},{"@type":"BreadcrumbList","@id":"https:\/\/grupoconception.pt\/en\/#breadcrumb","itemListElement":[{"@type":"ListItem","position":1,"name":"In\u00edcio","item":"https:\/\/grupoconception.pt\/en\/"},{"@type":"ListItem","position":2,"name":"CONCEPTION"}]},{"@type":"WebSite","@id":"https:\/\/grupoconception.pt\/en\/#website","url":"https:\/\/grupoconception.pt\/en\/","name":"Grupo Conception","description":"Arquitetura \u2022 Constru\u00e7\u00e3o \u2022 Renova\u00e7\u00e3o","publisher":{"@id":"https:\/\/grupoconception.pt\/en\/#organization"},"potentialAction":[{"@type":"SearchAction","target":{"@type":"EntryPoint","urlTemplate":"https:\/\/grupoconception.pt\/en\/?s={search_term_string}"},"query-input":"required name=search_term_string"}],"inLanguage":"en-US"},{"@type":"Organization","@id":"https:\/\/grupoconception.pt\/en\/#organization","name":"Grupo CONCEPTION","url":"https:\/\/grupoconception.pt\/en\/","logo":{"@type":"ImageObject","inLanguage":"en-US","@id":"https:\/\/grupoconception.pt\/en\/#\/schema\/logo\/image\/","url":"https:\/\/grupoconception.pt\/wp-content\/uploads\/2019\/05\/GrupoConceptionLogoEmailPreto.png","contentUrl":"https:\/\/grupoconception.pt\/wp-content\/uploads\/2019\/05\/GrupoConceptionLogoEmailPreto.png","width":1000,"height":1000,"caption":"Grupo CONCEPTION"},"image":{"@id":"https:\/\/grupoconception.pt\/en\/#\/schema\/logo\/image\/"},"sameAs":["https:\/\/www.instagram.com\/grupoconception\/","https:\/\/www.facebook.com\/GrupoConception"]}]}},"_links":{"self":[{"href":"https:\/\/grupoconception.pt\/en\/wp-json\/wp\/v2\/pages\/1764"}],"collection":[{"href":"https:\/\/grupoconception.pt\/en\/wp-json\/wp\/v2\/pages"}],"about":[{"href":"https:\/\/grupoconception.pt\/en\/wp-json\/wp\/v2\/types\/page"}],"author":[{"embeddable":true,"href":"https:\/\/grupoconception.pt\/en\/wp-json\/wp\/v2\/users\/1"}],"replies":[{"embeddable":true,"href":"https:\/\/grupoconception.pt\/en\/wp-json\/wp\/v2\/comments?post=1764"}],"version-history":[{"count":15,"href":"https:\/\/grupoconception.pt\/en\/wp-json\/wp\/v2\/pages\/1764\/revisions"}],"predecessor-version":[{"id":1810,"href":"https:\/\/grupoconception.pt\/en\/wp-json\/wp\/v2\/pages\/1764\/revisions\/1810"}],"wp:attachment":[{"href":"https:\/\/grupoconception.pt\/en\/wp-json\/wp\/v2\/media?parent=1764"}],"curies":[{"name":"wp","href":"https:\/\/api.w.org\/{rel}","templated":true}]}}